{"id":678,"date":"2024-10-01T23:20:44","date_gmt":"2024-10-01T20:20:44","guid":{"rendered":"https:\/\/nezir.law\/tr\/?page_id=678"},"modified":"2025-02-10T08:32:35","modified_gmt":"2025-02-10T05:32:35","slug":"hakkimizda","status":"publish","type":"page","link":"https:\/\/nezir.law\/tr\/hakkimizda\/","title":{"rendered":"Hakk\u0131m\u0131zda"},"content":{"rendered":"\t\t<div data-elementor-type=\"wp-page\" data-elementor-id=\"678\" class=\"elementor elementor-678\">\n\t\t\t\t<div class=\"elementor-element elementor-element-8dba89e e-con-full e-flex wpr-particle-no wpr-jarallax-no wpr-parallax-no wpr-sticky-section-no e-con e-parent\" data-id=\"8dba89e\" data-element_type=\"container\" data-settings=\"{&quot;background_background&quot;:&quot;classic&quot;}\">\n\t\t\t\t<div class=\"elementor-element elementor-element-103ddbf elementor-widget elementor-widget-spacer\" data-id=\"103ddbf\" data-element_type=\"widget\" data-widget_type=\"spacer.default\">\n\t\t\t\t<div class=\"elementor-widget-container\">\n\t\t\t\t\t\t\t<div class=\"elementor-spacer\">\n\t\t\t<div class=\"elementor-spacer-inner\"><\/div>\n\t\t<\/div>\n\t\t\t\t\t\t<\/div>\n\t\t\t\t<\/div>\n\t\t\t\t<div class=\"elementor-element elementor-element-522df79 elementor-widget elementor-widget-heading\" data-id=\"522df79\" data-element_type=\"widget\" data-widget_type=\"heading.default\">\n\t\t\t\t<div class=\"elementor-widget-container\">\n\t\t\t\t\t<h2 class=\"elementor-heading-title elementor-size-default\">Hakk\u0131m\u0131zda<\/h2>\t\t\t\t<\/div>\n\t\t\t\t<\/div>\n\t\t\t\t<div class=\"elementor-element elementor-element-ef1adf5 elementor-widget elementor-widget-spacer\" data-id=\"ef1adf5\" data-element_type=\"widget\" data-widget_type=\"spacer.default\">\n\t\t\t\t<div class=\"elementor-widget-container\">\n\t\t\t\t\t\t\t<div class=\"elementor-spacer\">\n\t\t\t<div class=\"elementor-spacer-inner\"><\/div>\n\t\t<\/div>\n\t\t\t\t\t\t<\/div>\n\t\t\t\t<\/div>\n\t\t\t\t<\/div>\n\t\t<div class=\"elementor-element elementor-element-d4ab56a e-flex e-con-boxed wpr-particle-no wpr-jarallax-no wpr-parallax-no wpr-sticky-section-no e-con e-parent\" data-id=\"d4ab56a\" data-element_type=\"container\">\n\t\t\t\t\t<div class=\"e-con-inner\">\n\t\t\t\t<div class=\"elementor-element elementor-element-eb3c8ea e-grid-align-right elementor-shape-rounded elementor-grid-0 elementor-widget elementor-widget-social-icons\" data-id=\"eb3c8ea\" data-element_type=\"widget\" data-widget_type=\"social-icons.default\">\n\t\t\t\t<div class=\"elementor-widget-container\">\n\t\t\t\t\t\t\t<div class=\"elementor-social-icons-wrapper elementor-grid\" role=\"list\">\n\t\t\t\t\t\t\t<span class=\"elementor-grid-item\" role=\"listitem\">\n\t\t\t\t\t<a class=\"elementor-icon elementor-social-icon elementor-social-icon-linkedin elementor-repeater-item-e0de3c3\" href=\"https:\/\/www.linkedin.com\/company\/nezirlaw\/\" target=\"_blank\">\n\t\t\t\t\t\t<span class=\"elementor-screen-only\">Linkedin<\/span>\n\t\t\t\t\t\t<svg aria-hidden=\"true\" class=\"e-font-icon-svg e-fab-linkedin\" viewBox=\"0 0 448 512\" xmlns=\"http:\/\/www.w3.org\/2000\/svg\"><path d=\"M416 32H31.9C14.3 32 0 46.5 0 64.3v383.4C0 465.5 14.3 480 31.9 480H416c17.6 0 32-14.5 32-32.3V64.3c0-17.8-14.4-32.3-32-32.3zM135.4 416H69V202.2h66.5V416zm-33.2-243c-21.3 0-38.5-17.3-38.5-38.5S80.9 96 102.2 96c21.2 0 38.5 17.3 38.5 38.5 0 21.3-17.2 38.5-38.5 38.5zm282.1 243h-66.4V312c0-24.8-.5-56.7-34.5-56.7-34.6 0-39.9 27-39.9 54.9V416h-66.4V202.2h63.7v29.2h.9c8.9-16.8 30.6-34.5 62.9-34.5 67.2 0 79.7 44.3 79.7 101.9V416z\"><\/path><\/svg>\t\t\t\t\t<\/a>\n\t\t\t\t<\/span>\n\t\t\t\t\t\t\t<span class=\"elementor-grid-item\" role=\"listitem\">\n\t\t\t\t\t<a class=\"elementor-icon elementor-social-icon elementor-social-icon-x-twitter elementor-repeater-item-d84c80f\" href=\"https:\/\/x.com\/nezirlaw\" target=\"_blank\">\n\t\t\t\t\t\t<span class=\"elementor-screen-only\">X-twitter<\/span>\n\t\t\t\t\t\t<svg aria-hidden=\"true\" class=\"e-font-icon-svg e-fab-x-twitter\" viewBox=\"0 0 512 512\" xmlns=\"http:\/\/www.w3.org\/2000\/svg\"><path d=\"M389.2 48h70.6L305.6 224.2 487 464H345L233.7 318.6 106.5 464H35.8L200.7 275.5 26.8 48H172.4L272.9 180.9 389.2 48zM364.4 421.8h39.1L151.1 88h-42L364.4 421.8z\"><\/path><\/svg>\t\t\t\t\t<\/a>\n\t\t\t\t<\/span>\n\t\t\t\t\t\t\t<span class=\"elementor-grid-item\" role=\"listitem\">\n\t\t\t\t\t<a class=\"elementor-icon elementor-social-icon elementor-social-icon-youtube elementor-repeater-item-3250a21\" target=\"_blank\">\n\t\t\t\t\t\t<span class=\"elementor-screen-only\">Youtube<\/span>\n\t\t\t\t\t\t<svg aria-hidden=\"true\" class=\"e-font-icon-svg e-fab-youtube\" viewBox=\"0 0 576 512\" xmlns=\"http:\/\/www.w3.org\/2000\/svg\"><path d=\"M549.655 124.083c-6.281-23.65-24.787-42.276-48.284-48.597C458.781 64 288 64 288 64S117.22 64 74.629 75.486c-23.497 6.322-42.003 24.947-48.284 48.597-11.412 42.867-11.412 132.305-11.412 132.305s0 89.438 11.412 132.305c6.281 23.65 24.787 41.5 48.284 47.821C117.22 448 288 448 288 448s170.78 0 213.371-11.486c23.497-6.321 42.003-24.171 48.284-47.821 11.412-42.867 11.412-132.305 11.412-132.305s0-89.438-11.412-132.305zm-317.51 213.508V175.185l142.739 81.205-142.739 81.201z\"><\/path><\/svg>\t\t\t\t\t<\/a>\n\t\t\t\t<\/span>\n\t\t\t\t\t\t\t<span class=\"elementor-grid-item\" role=\"listitem\">\n\t\t\t\t\t<a class=\"elementor-icon elementor-social-icon elementor-social-icon-instagram elementor-repeater-item-0449a0b\" href=\"https:\/\/www.instagram.com\/nezirlaw\/\" target=\"_blank\">\n\t\t\t\t\t\t<span class=\"elementor-screen-only\">Instagram<\/span>\n\t\t\t\t\t\t<svg aria-hidden=\"true\" class=\"e-font-icon-svg e-fab-instagram\" viewBox=\"0 0 448 512\" xmlns=\"http:\/\/www.w3.org\/2000\/svg\"><path d=\"M224.1 141c-63.6 0-114.9 51.3-114.9 114.9s51.3 114.9 114.9 114.9S339 319.5 339 255.9 287.7 141 224.1 141zm0 189.6c-41.1 0-74.7-33.5-74.7-74.7s33.5-74.7 74.7-74.7 74.7 33.5 74.7 74.7-33.6 74.7-74.7 74.7zm146.4-194.3c0 14.9-12 26.8-26.8 26.8-14.9 0-26.8-12-26.8-26.8s12-26.8 26.8-26.8 26.8 12 26.8 26.8zm76.1 27.2c-1.7-35.9-9.9-67.7-36.2-93.9-26.2-26.2-58-34.4-93.9-36.2-37-2.1-147.9-2.1-184.9 0-35.8 1.7-67.6 9.9-93.9 36.1s-34.4 58-36.2 93.9c-2.1 37-2.1 147.9 0 184.9 1.7 35.9 9.9 67.7 36.2 93.9s58 34.4 93.9 36.2c37 2.1 147.9 2.1 184.9 0 35.9-1.7 67.7-9.9 93.9-36.2 26.2-26.2 34.4-58 36.2-93.9 2.1-37 2.1-147.8 0-184.8zM398.8 388c-7.8 19.6-22.9 34.7-42.6 42.6-29.5 11.7-99.5 9-132.1 9s-102.7 2.6-132.1-9c-19.6-7.8-34.7-22.9-42.6-42.6-11.7-29.5-9-99.5-9-132.1s-2.6-102.7 9-132.1c7.8-19.6 22.9-34.7 42.6-42.6 29.5-11.7 99.5-9 132.1-9s102.7-2.6 132.1 9c19.6 7.8 34.7 22.9 42.6 42.6 11.7 29.5 9 99.5 9 132.1s2.7 102.7-9 132.1z\"><\/path><\/svg>\t\t\t\t\t<\/a>\n\t\t\t\t<\/span>\n\t\t\t\t\t<\/div>\n\t\t\t\t\t\t<\/div>\n\t\t\t\t<\/div>\n\t\t\t\t\t<\/div>\n\t\t\t\t<\/div>\n\t\t<div class=\"elementor-element elementor-element-dff66c4 e-flex e-con-boxed wpr-particle-no wpr-jarallax-no wpr-parallax-no wpr-sticky-section-no e-con e-parent\" data-id=\"dff66c4\" data-element_type=\"container\">\n\t\t\t\t\t<div class=\"e-con-inner\">\n\t\t\t\t<div class=\"elementor-element elementor-element-f448965 elementor-widget elementor-widget-spacer\" data-id=\"f448965\" data-element_type=\"widget\" data-widget_type=\"spacer.default\">\n\t\t\t\t<div class=\"elementor-widget-container\">\n\t\t\t\t\t\t\t<div class=\"elementor-spacer\">\n\t\t\t<div class=\"elementor-spacer-inner\"><\/div>\n\t\t<\/div>\n\t\t\t\t\t\t<\/div>\n\t\t\t\t<\/div>\n\t\t\t\t<div class=\"elementor-element elementor-element-3a9ff48 elementor-widget-divider--view-line elementor-widget elementor-widget-divider\" data-id=\"3a9ff48\" data-element_type=\"widget\" data-widget_type=\"divider.default\">\n\t\t\t\t<div class=\"elementor-widget-container\">\n\t\t\t\t\t\t\t<div class=\"elementor-divider\">\n\t\t\t<span class=\"elementor-divider-separator\">\n\t\t\t\t\t\t<\/span>\n\t\t<\/div>\n\t\t\t\t\t\t<\/div>\n\t\t\t\t<\/div>\n\t\t\t\t<div class=\"elementor-element elementor-element-703bb98 elementor-widget elementor-widget-text-editor\" data-id=\"703bb98\" data-element_type=\"widget\" data-widget_type=\"text-editor.default\">\n\t\t\t\t<div class=\"elementor-widget-container\">\n\t\t\t\t\t\t\t\t\t<p class=\"p1\">Nezir, yerli ve yabanc\u0131 ki\u015filer ile bir\u00e7o\u011fu piyasa lideri konumunda faaliyet g\u00f6steren \u00e7e\u015fitli sekt\u00f6rlerdeki kurum ve kurulu\u015flara, d\u00fcnyan\u0131n herhangi bir yerinde kar\u015f\u0131la\u015ft\u0131klar\u0131 yasal zorluklar\u0131n \u00fcstesinden gelebilmeleri ad\u0131na avukatl\u0131k ve hukuki dan\u0131\u015fmanl\u0131k hizmeti vermektedir.<\/p><p class=\"p1\">Nezir Avukatl\u0131k &amp; Dan\u0131\u015fmanl\u0131k olarak hukukun \u00fcst\u00fcnl\u00fc\u011f\u00fc ilkesini her ko\u015ful ve ortam i\u00e7in benimsemek ile birlikte; gizlilik, meslek itibar\u0131 ve eti\u011fi unsurlar\u0131ndan taviz vermeksizin hukukun ve m\u00fcvekkillerimizin menfaatleri do\u011frultusunda hizmet vermekteyiz.<\/p><p class=\"p1\">Nezir Avukatl\u0131k &amp; Dan\u0131\u015fmanl\u0131k, uzun vadeli m\u00fcvekkil ili\u015fkileri kurmaya ve m\u00fcvekkillerinin ticari ba\u011flant\u0131lar\u0131n\u0131 g\u00fc\u00e7lendirmeye y\u00f6nelik bir k\u00fclt\u00fcre sahiptir. Ulusal ve uluslararas\u0131 hukukun bir\u00e7ok dal\u0131nda hizmet s\u00fcreklili\u011fi esas\u0131yla hukuki \u00e7\u00f6z\u00fcmler \u00fcreten ekibimiz ve geli\u015fen teknolojiyi hukuk sekt\u00f6r\u00fcnde etkin bi\u00e7imde kullanabilmeyi ilke edinen uzman y\u00f6netimimiz ile hukuk hizmeti vermenin yan\u0131 s\u0131ra m\u00fcvekkillerimiz ile ili\u015fkilerimizi g\u00fc\u00e7lendirerek onlar\u0131n kendi aralar\u0131nda i\u015f a\u011flar\u0131 olu\u015fturabilmelerine de imkan sa\u011flamaktay\u0131z.<\/p>\t\t\t\t\t\t\t\t<\/div>\n\t\t\t\t<\/div>\n\t\t\t\t<div class=\"elementor-element elementor-element-6049065 elementor-widget elementor-widget-spacer\" data-id=\"6049065\" data-element_type=\"widget\" data-widget_type=\"spacer.default\">\n\t\t\t\t<div class=\"elementor-widget-container\">\n\t\t\t\t\t\t\t<div class=\"elementor-spacer\">\n\t\t\t<div class=\"elementor-spacer-inner\"><\/div>\n\t\t<\/div>\n\t\t\t\t\t\t<\/div>\n\t\t\t\t<\/div>\n\t\t\t\t\t<\/div>\n\t\t\t\t<\/div>\n\t\t\t\t<\/div>\n\t\t","protected":false},"excerpt":{"rendered":"<p>Hakk\u0131m\u0131zda Linkedin X-twitter Youtube Instagram Nezir, yerli ve yabanc\u0131 ki\u015filer ile bir\u00e7o\u011fu piyasa lideri konumunda faaliyet g\u00f6steren \u00e7e\u015fitli sekt\u00f6rlerdeki kurum ve kurulu\u015flara, d\u00fcnyan\u0131n herhangi bir yerinde kar\u015f\u0131la\u015ft\u0131klar\u0131 yasal zorluklar\u0131n \u00fcstesinden gelebilmeleri ad\u0131na avukatl\u0131k ve hukuki dan\u0131\u015fmanl\u0131k hizmeti vermektedir. Nezir Avukatl\u0131k &amp; Dan\u0131\u015fmanl\u0131k olarak hukukun \u00fcst\u00fcnl\u00fc\u011f\u00fc ilkesini her ko\u015ful ve ortam i\u00e7in benimsemek ile birlikte; gizlilik, meslek itibar\u0131 ve eti\u011fi unsurlar\u0131ndan taviz vermeksizin hukukun ve m\u00fcvekkillerimizin menfaatleri do\u011frultusunda hizmet vermekteyiz. Nezir Avukatl\u0131k &amp; Dan\u0131\u015fmanl\u0131k, uzun vadeli m\u00fcvekkil ili\u015fkileri kurmaya ve m\u00fcvekkillerinin ticari ba\u011flant\u0131lar\u0131n\u0131 g\u00fc\u00e7lendirmeye y\u00f6nelik bir k\u00fclt\u00fcre sahiptir. Ulusal ve uluslararas\u0131 hukukun bir\u00e7ok dal\u0131nda hizmet s\u00fcreklili\u011fi esas\u0131yla hukuki \u00e7\u00f6z\u00fcmler \u00fcreten ekibimiz ve geli\u015fen teknolojiyi hukuk sekt\u00f6r\u00fcnde etkin bi\u00e7imde kullanabilmeyi ilke edinen uzman y\u00f6netimimiz ile hukuk hizmeti vermenin yan\u0131 s\u0131ra m\u00fcvekkillerimiz ile ili\u015fkilerimizi g\u00fc\u00e7lendirerek onlar\u0131n kendi aralar\u0131nda i\u015f a\u011flar\u0131 olu\u015fturabilmelerine de imkan sa\u011flamaktay\u0131z.<\/p>\n","protected":false},"author":1,"featured_media":0,"parent":0,"menu_order":0,"comment_status":"closed","ping_status":"closed","template":"","meta":{"passster_activate_protection":false,"passster_protect_child_pages":"","passster_protection_type":"password","passster_password":"","passster_activate_overwrite_defaults":"","passster_headline":"","passster_instruction":"","passster_placeholder":"","passster_button":"","passster_id":"","passster_activate_misc_settings":"","passster_redirect_url":"","passster_hide":"no","passster_area_shortcode":"","footnotes":""},"class_list":["post-678","page","type-page","status-publish","hentry"],"yoast_head":"<!-- This site is optimized with the Yoast SEO plugin v25.3 - https:\/\/yoast.com\/wordpress\/plugins\/seo\/ -->\n<title>Hakk\u0131m\u0131zda - Nezir Avukatl\u0131k &amp; Dan\u0131\u015fmanl\u0131k<\/title>\n<meta name=\"robots\" content=\"index, follow, max-snippet:-1, max-image-preview:large, max-video-preview:-1\" \/>\n<link rel=\"canonical\" href=\"https:\/\/nezir.law\/tr\/hakkimizda\/\" \/>\n<meta property=\"og:locale\" content=\"tr_TR\" \/>\n<meta property=\"og:type\" content=\"article\" \/>\n<meta property=\"og:title\" content=\"Hakk\u0131m\u0131zda - Nezir Avukatl\u0131k &amp; Dan\u0131\u015fmanl\u0131k\" \/>\n<meta property=\"og:description\" content=\"Hakk\u0131m\u0131zda Linkedin X-twitter Youtube Instagram Nezir, yerli ve yabanc\u0131 ki\u015filer ile bir\u00e7o\u011fu piyasa lideri konumunda faaliyet g\u00f6steren \u00e7e\u015fitli sekt\u00f6rlerdeki kurum ve kurulu\u015flara, d\u00fcnyan\u0131n herhangi bir yerinde kar\u015f\u0131la\u015ft\u0131klar\u0131 yasal zorluklar\u0131n \u00fcstesinden gelebilmeleri ad\u0131na avukatl\u0131k ve hukuki dan\u0131\u015fmanl\u0131k hizmeti vermektedir. Nezir Avukatl\u0131k &amp; Dan\u0131\u015fmanl\u0131k olarak hukukun \u00fcst\u00fcnl\u00fc\u011f\u00fc ilkesini her ko\u015ful ve ortam i\u00e7in benimsemek ile birlikte; gizlilik, meslek itibar\u0131 ve eti\u011fi unsurlar\u0131ndan taviz vermeksizin hukukun ve m\u00fcvekkillerimizin menfaatleri do\u011frultusunda hizmet vermekteyiz. Nezir Avukatl\u0131k &amp; Dan\u0131\u015fmanl\u0131k, uzun vadeli m\u00fcvekkil ili\u015fkileri kurmaya ve m\u00fcvekkillerinin ticari ba\u011flant\u0131lar\u0131n\u0131 g\u00fc\u00e7lendirmeye y\u00f6nelik bir k\u00fclt\u00fcre sahiptir. Ulusal ve uluslararas\u0131 hukukun bir\u00e7ok dal\u0131nda hizmet s\u00fcreklili\u011fi esas\u0131yla hukuki \u00e7\u00f6z\u00fcmler \u00fcreten ekibimiz ve geli\u015fen teknolojiyi hukuk sekt\u00f6r\u00fcnde etkin bi\u00e7imde kullanabilmeyi ilke edinen uzman y\u00f6netimimiz ile hukuk hizmeti vermenin yan\u0131 s\u0131ra m\u00fcvekkillerimiz ile ili\u015fkilerimizi g\u00fc\u00e7lendirerek onlar\u0131n kendi aralar\u0131nda i\u015f a\u011flar\u0131 olu\u015fturabilmelerine de imkan sa\u011flamaktay\u0131z.\" \/>\n<meta property=\"og:url\" content=\"https:\/\/nezir.law\/tr\/hakkimizda\/\" \/>\n<meta property=\"og:site_name\" content=\"Nezir Avukatl\u0131k &amp; Dan\u0131\u015fmanl\u0131k\" \/>\n<meta property=\"article:modified_time\" content=\"2025-02-10T05:32:35+00:00\" \/>\n<meta name=\"twitter:card\" content=\"summary_large_image\" \/>\n<meta name=\"twitter:label1\" content=\"Tahmini okuma s\u00fcresi\" \/>\n\t<meta name=\"twitter:data1\" content=\"1 dakika\" \/>\n<script type=\"application\/ld+json\" class=\"yoast-schema-graph\">{\"@context\":\"https:\/\/schema.org\",\"@graph\":[{\"@type\":\"WebPage\",\"@id\":\"https:\/\/nezir.law\/tr\/hakkimizda\/\",\"url\":\"https:\/\/nezir.law\/tr\/hakkimizda\/\",\"name\":\"Hakk\u0131m\u0131zda - Nezir Avukatl\u0131k &amp; Dan\u0131\u015fmanl\u0131k\",\"isPartOf\":{\"@id\":\"https:\/\/nezir.law\/tr\/#website\"},\"datePublished\":\"2024-10-01T20:20:44+00:00\",\"dateModified\":\"2025-02-10T05:32:35+00:00\",\"breadcrumb\":{\"@id\":\"https:\/\/nezir.law\/tr\/hakkimizda\/#breadcrumb\"},\"inLanguage\":\"tr\",\"potentialAction\":[{\"@type\":\"ReadAction\",\"target\":[\"https:\/\/nezir.law\/tr\/hakkimizda\/\"]}]},{\"@type\":\"BreadcrumbList\",\"@id\":\"https:\/\/nezir.law\/tr\/hakkimizda\/#breadcrumb\",\"itemListElement\":[{\"@type\":\"ListItem\",\"position\":1,\"name\":\"Anasayfa\",\"item\":\"https:\/\/nezir.law\/tr\/\"},{\"@type\":\"ListItem\",\"position\":2,\"name\":\"Hakk\u0131m\u0131zda\"}]},{\"@type\":\"WebSite\",\"@id\":\"https:\/\/nezir.law\/tr\/#website\",\"url\":\"https:\/\/nezir.law\/tr\/\",\"name\":\"Nezir Avukatl\u0131k & Dan\u0131\u015fmanl\u0131k\",\"description\":\"\",\"potentialAction\":[{\"@type\":\"SearchAction\",\"target\":{\"@type\":\"EntryPoint\",\"urlTemplate\":\"https:\/\/nezir.law\/tr\/?s={search_term_string}\"},\"query-input\":{\"@type\":\"PropertyValueSpecification\",\"valueRequired\":true,\"valueName\":\"search_term_string\"}}],\"inLanguage\":\"tr\"}]}<\/script>\n<!-- \/ Yoast SEO plugin. -->","yoast_head_json":{"title":"Hakk\u0131m\u0131zda - Nezir Avukatl\u0131k &amp; Dan\u0131\u015fmanl\u0131k","robots":{"index":"index","follow":"follow","max-snippet":"max-snippet:-1","max-image-preview":"max-image-preview:large","max-video-preview":"max-video-preview:-1"},"canonical":"https:\/\/nezir.law\/tr\/hakkimizda\/","og_locale":"tr_TR","og_type":"article","og_title":"Hakk\u0131m\u0131zda - Nezir Avukatl\u0131k &amp; Dan\u0131\u015fmanl\u0131k","og_description":"Hakk\u0131m\u0131zda Linkedin X-twitter Youtube Instagram Nezir, yerli ve yabanc\u0131 ki\u015filer ile bir\u00e7o\u011fu piyasa lideri konumunda faaliyet g\u00f6steren \u00e7e\u015fitli sekt\u00f6rlerdeki kurum ve kurulu\u015flara, d\u00fcnyan\u0131n herhangi bir yerinde kar\u015f\u0131la\u015ft\u0131klar\u0131 yasal zorluklar\u0131n \u00fcstesinden gelebilmeleri ad\u0131na avukatl\u0131k ve hukuki dan\u0131\u015fmanl\u0131k hizmeti vermektedir. Nezir Avukatl\u0131k &amp; Dan\u0131\u015fmanl\u0131k olarak hukukun \u00fcst\u00fcnl\u00fc\u011f\u00fc ilkesini her ko\u015ful ve ortam i\u00e7in benimsemek ile birlikte; gizlilik, meslek itibar\u0131 ve eti\u011fi unsurlar\u0131ndan taviz vermeksizin hukukun ve m\u00fcvekkillerimizin menfaatleri do\u011frultusunda hizmet vermekteyiz. Nezir Avukatl\u0131k &amp; Dan\u0131\u015fmanl\u0131k, uzun vadeli m\u00fcvekkil ili\u015fkileri kurmaya ve m\u00fcvekkillerinin ticari ba\u011flant\u0131lar\u0131n\u0131 g\u00fc\u00e7lendirmeye y\u00f6nelik bir k\u00fclt\u00fcre sahiptir. Ulusal ve uluslararas\u0131 hukukun bir\u00e7ok dal\u0131nda hizmet s\u00fcreklili\u011fi esas\u0131yla hukuki \u00e7\u00f6z\u00fcmler \u00fcreten ekibimiz ve geli\u015fen teknolojiyi hukuk sekt\u00f6r\u00fcnde etkin bi\u00e7imde kullanabilmeyi ilke edinen uzman y\u00f6netimimiz ile hukuk hizmeti vermenin yan\u0131 s\u0131ra m\u00fcvekkillerimiz ile ili\u015fkilerimizi g\u00fc\u00e7lendirerek onlar\u0131n kendi aralar\u0131nda i\u015f a\u011flar\u0131 olu\u015fturabilmelerine de imkan sa\u011flamaktay\u0131z.","og_url":"https:\/\/nezir.law\/tr\/hakkimizda\/","og_site_name":"Nezir Avukatl\u0131k &amp; Dan\u0131\u015fmanl\u0131k","article_modified_time":"2025-02-10T05:32:35+00:00","twitter_card":"summary_large_image","twitter_misc":{"Tahmini okuma s\u00fcresi":"1 dakika"},"schema":{"@context":"https:\/\/schema.org","@graph":[{"@type":"WebPage","@id":"https:\/\/nezir.law\/tr\/hakkimizda\/","url":"https:\/\/nezir.law\/tr\/hakkimizda\/","name":"Hakk\u0131m\u0131zda - Nezir Avukatl\u0131k &amp; Dan\u0131\u015fmanl\u0131k","isPartOf":{"@id":"https:\/\/nezir.law\/tr\/#website"},"datePublished":"2024-10-01T20:20:44+00:00","dateModified":"2025-02-10T05:32:35+00:00","breadcrumb":{"@id":"https:\/\/nezir.law\/tr\/hakkimizda\/#breadcrumb"},"inLanguage":"tr","potentialAction":[{"@type":"ReadAction","target":["https:\/\/nezir.law\/tr\/hakkimizda\/"]}]},{"@type":"BreadcrumbList","@id":"https:\/\/nezir.law\/tr\/hakkimizda\/#breadcrumb","itemListElement":[{"@type":"ListItem","position":1,"name":"Anasayfa","item":"https:\/\/nezir.law\/tr\/"},{"@type":"ListItem","position":2,"name":"Hakk\u0131m\u0131zda"}]},{"@type":"WebSite","@id":"https:\/\/nezir.law\/tr\/#website","url":"https:\/\/nezir.law\/tr\/","name":"Nezir Avukatl\u0131k & Dan\u0131\u015fmanl\u0131k","description":"","potentialAction":[{"@type":"SearchAction","target":{"@type":"EntryPoint","urlTemplate":"https:\/\/nezir.law\/tr\/?s={search_term_string}"},"query-input":{"@type":"PropertyValueSpecification","valueRequired":true,"valueName":"search_term_string"}}],"inLanguage":"tr"}]}},"_links":{"self":[{"href":"https:\/\/nezir.law\/tr\/wp-json\/wp\/v2\/pages\/678","targetHints":{"allow":["GET"]}}],"collection":[{"href":"https:\/\/nezir.law\/tr\/wp-json\/wp\/v2\/pages"}],"about":[{"href":"https:\/\/nezir.law\/tr\/wp-json\/wp\/v2\/types\/page"}],"author":[{"embeddable":true,"href":"https:\/\/nezir.law\/tr\/wp-json\/wp\/v2\/users\/1"}],"replies":[{"embeddable":true,"href":"https:\/\/nezir.law\/tr\/wp-json\/wp\/v2\/comments?post=678"}],"version-history":[{"count":29,"href":"https:\/\/nezir.law\/tr\/wp-json\/wp\/v2\/pages\/678\/revisions"}],"predecessor-version":[{"id":2566,"href":"https:\/\/nezir.law\/tr\/wp-json\/wp\/v2\/pages\/678\/revisions\/2566"}],"wp:attachment":[{"href":"https:\/\/nezir.law\/tr\/wp-json\/wp\/v2\/media?parent=678"}],"curies":[{"name":"wp","href":"https:\/\/api.w.org\/{rel}","templated":true}]}}