{"id":675,"date":"2024-10-01T23:16:58","date_gmt":"2024-10-01T20:16:58","guid":{"rendered":"https:\/\/nezir.law\/tr\/?page_id=675"},"modified":"2024-12-12T13:27:31","modified_gmt":"2024-12-12T10:27:31","slug":"hukukun-otesinde","status":"publish","type":"page","link":"https:\/\/nezir.law\/tr\/hukukun-otesinde\/","title":{"rendered":"Hukukun \u00d6tesinde"},"content":{"rendered":"","protected":false},"excerpt":{"rendered":"","protected":false},"author":1,"featured_media":0,"parent":0,"menu_order":0,"comment_status":"closed","ping_status":"closed","template":"","meta":{"passster_activate_protection":false,"passster_protect_child_pages":"","passster_protection_type":"password","passster_password":"","passster_activate_overwrite_defaults":"","passster_headline":"","passster_instruction":"","passster_placeholder":"","passster_button":"","passster_id":"","passster_activate_misc_settings":"","passster_redirect_url":"","passster_hide":"no","passster_area_shortcode":"","footnotes":""},"class_list":["post-675","page","type-page","status-publish","hentry"],"yoast_head":"<!-- This site is optimized with the Yoast SEO plugin v25.3 - https:\/\/yoast.com\/wordpress\/plugins\/seo\/ -->\n<title>Hukukun \u00d6tesinde - Nezir Avukatl\u0131k &amp; Dan\u0131\u015fmanl\u0131k<\/title>\n<meta name=\"robots\" content=\"index, follow, max-snippet:-1, max-image-preview:large, max-video-preview:-1\" \/>\n<link rel=\"canonical\" href=\"https:\/\/nezir.law\/tr\/hukukun-otesinde\/\" \/>\n<meta property=\"og:locale\" content=\"tr_TR\" \/>\n<meta property=\"og:type\" content=\"article\" \/>\n<meta property=\"og:title\" content=\"Hukukun \u00d6tesinde - Nezir Avukatl\u0131k &amp; Dan\u0131\u015fmanl\u0131k\" \/>\n<meta property=\"og:url\" content=\"https:\/\/nezir.law\/tr\/hukukun-otesinde\/\" \/>\n<meta property=\"og:site_name\" content=\"Nezir Avukatl\u0131k &amp; Dan\u0131\u015fmanl\u0131k\" \/>\n<meta property=\"article:modified_time\" content=\"2024-12-12T10:27:31+00:00\" \/>\n<meta name=\"twitter:card\" content=\"summary_large_image\" \/>\n<script type=\"application\/ld+json\" class=\"yoast-schema-graph\">{\"@context\":\"https:\/\/schema.org\",\"@graph\":[{\"@type\":\"WebPage\",\"@id\":\"https:\/\/nezir.law\/tr\/hukukun-otesinde\/\",\"url\":\"https:\/\/nezir.law\/tr\/hukukun-otesinde\/\",\"name\":\"Hukukun \u00d6tesinde - Nezir Avukatl\u0131k &amp; Dan\u0131\u015fmanl\u0131k\",\"isPartOf\":{\"@id\":\"https:\/\/nezir.law\/tr\/#website\"},\"datePublished\":\"2024-10-01T20:16:58+00:00\",\"dateModified\":\"2024-12-12T10:27:31+00:00\",\"breadcrumb\":{\"@id\":\"https:\/\/nezir.law\/tr\/hukukun-otesinde\/#breadcrumb\"},\"inLanguage\":\"tr\",\"potentialAction\":[{\"@type\":\"ReadAction\",\"target\":[\"https:\/\/nezir.law\/tr\/hukukun-otesinde\/\"]}]},{\"@type\":\"BreadcrumbList\",\"@id\":\"https:\/\/nezir.law\/tr\/hukukun-otesinde\/#breadcrumb\",\"itemListElement\":[{\"@type\":\"ListItem\",\"position\":1,\"name\":\"Anasayfa\",\"item\":\"https:\/\/nezir.law\/tr\/\"},{\"@type\":\"ListItem\",\"position\":2,\"name\":\"Hukukun \u00d6tesinde\"}]},{\"@type\":\"WebSite\",\"@id\":\"https:\/\/nezir.law\/tr\/#website\",\"url\":\"https:\/\/nezir.law\/tr\/\",\"name\":\"Nezir Avukatl\u0131k & Dan\u0131\u015fmanl\u0131k\",\"description\":\"\",\"potentialAction\":[{\"@type\":\"SearchAction\",\"target\":{\"@type\":\"EntryPoint\",\"urlTemplate\":\"https:\/\/nezir.law\/tr\/?s={search_term_string}\"},\"query-input\":{\"@type\":\"PropertyValueSpecification\",\"valueRequired\":true,\"valueName\":\"search_term_string\"}}],\"inLanguage\":\"tr\"}]}<\/script>\n<!-- \/ Yoast SEO plugin. -->","yoast_head_json":{"title":"Hukukun \u00d6tesinde - Nezir Avukatl\u0131k &amp; Dan\u0131\u015fmanl\u0131k","robots":{"index":"index","follow":"follow","max-snippet":"max-snippet:-1","max-image-preview":"max-image-preview:large","max-video-preview":"max-video-preview:-1"},"canonical":"https:\/\/nezir.law\/tr\/hukukun-otesinde\/","og_locale":"tr_TR","og_type":"article","og_title":"Hukukun \u00d6tesinde - Nezir Avukatl\u0131k &amp; Dan\u0131\u015fmanl\u0131k","og_url":"https:\/\/nezir.law\/tr\/hukukun-otesinde\/","og_site_name":"Nezir Avukatl\u0131k &amp; Dan\u0131\u015fmanl\u0131k","article_modified_time":"2024-12-12T10:27:31+00:00","twitter_card":"summary_large_image","schema":{"@context":"https:\/\/schema.org","@graph":[{"@type":"WebPage","@id":"https:\/\/nezir.law\/tr\/hukukun-otesinde\/","url":"https:\/\/nezir.law\/tr\/hukukun-otesinde\/","name":"Hukukun \u00d6tesinde - Nezir Avukatl\u0131k &amp; Dan\u0131\u015fmanl\u0131k","isPartOf":{"@id":"https:\/\/nezir.law\/tr\/#website"},"datePublished":"2024-10-01T20:16:58+00:00","dateModified":"2024-12-12T10:27:31+00:00","breadcrumb":{"@id":"https:\/\/nezir.law\/tr\/hukukun-otesinde\/#breadcrumb"},"inLanguage":"tr","potentialAction":[{"@type":"ReadAction","target":["https:\/\/nezir.law\/tr\/hukukun-otesinde\/"]}]},{"@type":"BreadcrumbList","@id":"https:\/\/nezir.law\/tr\/hukukun-otesinde\/#breadcrumb","itemListElement":[{"@type":"ListItem","position":1,"name":"Anasayfa","item":"https:\/\/nezir.law\/tr\/"},{"@type":"ListItem","position":2,"name":"Hukukun \u00d6tesinde"}]},{"@type":"WebSite","@id":"https:\/\/nezir.law\/tr\/#website","url":"https:\/\/nezir.law\/tr\/","name":"Nezir Avukatl\u0131k & Dan\u0131\u015fmanl\u0131k","description":"","potentialAction":[{"@type":"SearchAction","target":{"@type":"EntryPoint","urlTemplate":"https:\/\/nezir.law\/tr\/?s={search_term_string}"},"query-input":{"@type":"PropertyValueSpecification","valueRequired":true,"valueName":"search_term_string"}}],"inLanguage":"tr"}]}},"_links":{"self":[{"href":"https:\/\/nezir.law\/tr\/wp-json\/wp\/v2\/pages\/675","targetHints":{"allow":["GET"]}}],"collection":[{"href":"https:\/\/nezir.law\/tr\/wp-json\/wp\/v2\/pages"}],"about":[{"href":"https:\/\/nezir.law\/tr\/wp-json\/wp\/v2\/types\/page"}],"author":[{"embeddable":true,"href":"https:\/\/nezir.law\/tr\/wp-json\/wp\/v2\/users\/1"}],"replies":[{"embeddable":true,"href":"https:\/\/nezir.law\/tr\/wp-json\/wp\/v2\/comments?post=675"}],"version-history":[{"count":5,"href":"https:\/\/nezir.law\/tr\/wp-json\/wp\/v2\/pages\/675\/revisions"}],"predecessor-version":[{"id":720,"href":"https:\/\/nezir.law\/tr\/wp-json\/wp\/v2\/pages\/675\/revisions\/720"}],"wp:attachment":[{"href":"https:\/\/nezir.law\/tr\/wp-json\/wp\/v2\/media?parent=675"}],"curies":[{"name":"wp","href":"https:\/\/api.w.org\/{rel}","templated":true}]}}