{"id":2598,"date":"2025-02-18T14:49:55","date_gmt":"2025-02-18T11:49:55","guid":{"rendered":"https:\/\/nezir.law\/tr\/?page_id=2598"},"modified":"2025-04-01T12:17:02","modified_gmt":"2025-04-01T09:17:02","slug":"muvekkil-paneli","status":"publish","type":"page","link":"https:\/\/nezir.law\/tr\/muvekkil-paneli\/","title":{"rendered":"M\u00fcvekkil Paneli"},"content":{"rendered":"<div class=\"passster-form\" id=\"ps-73\">\n    <form class=\"password-form\" method=\"post\" autocomplete=\"off\" target=\"_top\">\n        <span class=\"ps-form-headline\">Korunan Alan<\/span>\n        <p>Bu i\u00e7erik \u015fifre korumal\u0131d\u0131r. \u0130\u00e7eri\u011fin kilidini a\u00e7mak i\u00e7in l\u00fctfen bir \u015fifre ile do\u011frulay\u0131n.<\/p>\n        <fieldset>\n            <span class=\"ps-loader\"><img decoding=\"async\" src=\"https:\/\/nezir.law\/tr\/wp-content\/plugins\/content-protector\/assets\/public\/ps-loader.svg\" alt=\"\" \/><\/span>\n            <label for=\"input-ps-73\" style=\"display:none;\">Enter your password<\/label>\n            <input placeholder=\"\u015eifrenizi giriniz..\" type=\"password\" tabindex=\"1\" name=\"passster_password\"\n                   id=\"input-ps-73\" class=\"passster-password\" autocomplete=\"off\"\n                   data-protection-type=\"password\" data-list=\"[PASSSTER_LIST]\" data-lists=\"[PASSSTER_LISTS]\" data-area=\"[PASSSTER_AREA]\"\n                   data-protection=\"full\">\n            \n            <button name=\"submit\" type=\"submit\" class=\"passster-submit\" data-psid=\"ps-73\" \n                    data-submit=\"...Checking Password\" data-redirect=\"https:\/\/nezir.t-hos.com.tr\/Account\/LogIn\/\">Kilidi a\u00e7\n            <\/button>\n            <div class=\"passster-error\"><\/div>\n        <\/fieldset>\n    <\/form>\n<\/div>","protected":false},"excerpt":{"rendered":"<div class=\"passster-form\" id=\"ps-311\">\n<form class=\"password-form\" method=\"post\" autocomplete=\"off\" target=\"_top\">\n        <span class=\"ps-form-headline\">Korunan Alan<\/span><\/p>\n<p>Bu i\u00e7erik \u015fifre korumal\u0131d\u0131r. \u0130\u00e7eri\u011fin kilidini a\u00e7mak i\u00e7in l\u00fctfen bir \u015fifre ile do\u011frulay\u0131n.<\/p>\n<fieldset>\n            <span class=\"ps-loader\"><img decoding=\"async\" src=\"https:\/\/nezir.law\/tr\/wp-content\/plugins\/content-protector\/assets\/public\/ps-loader.svg\" alt=\"\" \/><\/span><br \/>\n            <label for=\"input-ps-311\" style=\"display:none;\">Enter your password<\/label><br \/>\n            <input placeholder=\"\u015eifrenizi giriniz..\" type=\"password\" tabindex=\"1\" name=\"passster_password\"\n                   id=\"input-ps-311\" class=\"passster-password\" autocomplete=\"off\"\n                   data-protection-type=\"password\" data-list=\"[PASSSTER_LIST]\" data-lists=\"[PASSSTER_LISTS]\" data-area=\"[PASSSTER_AREA]\"\n                   data-protection=\"full\"><\/p>\n<p>            <button name=\"submit\" type=\"submit\" class=\"passster-submit\" data-psid=\"ps-311\" \n                    data-submit=\"...Checking Password\" data-redirect=\"https:\/\/nezir.t-hos.com.tr\/Account\/LogIn\/\">Kilidi a\u00e7<br \/>\n            <\/button><\/p>\n<div class=\"passster-error\"><\/div>\n<\/fieldset><\/form>\n<\/div>\n","protected":false},"author":1,"featured_media":0,"parent":0,"menu_order":0,"comment_status":"closed","ping_status":"closed","template":"","meta":{"passster_activate_protection":true,"passster_protect_child_pages":"","passster_protection_type":"password","passster_password":"Nezir147","passster_activate_overwrite_defaults":"1","passster_headline":"","passster_instruction":"","passster_placeholder":"","passster_button":"","passster_id":"","passster_activate_misc_settings":"1","passster_redirect_url":"https:\/\/nezir.t-hos.com.tr\/Account\/LogIn\/","passster_hide":"no","passster_area_shortcode":"[passster password=\"Nezir147\" area=\"2598\" redirect=\"https:\/\/nezir.t-hos.com.tr\/Account\/LogIn\/\"]","footnotes":""},"class_list":["post-2598","page","type-page","status-publish","hentry"],"yoast_head":"<!-- This site is optimized with the Yoast SEO plugin v25.3 - https:\/\/yoast.com\/wordpress\/plugins\/seo\/ -->\n<title>M\u00fcvekkil Paneli - Nezir Avukatl\u0131k &amp; Dan\u0131\u015fmanl\u0131k<\/title>\n<meta name=\"robots\" content=\"index, follow, max-snippet:-1, max-image-preview:large, max-video-preview:-1\" \/>\n<link rel=\"canonical\" href=\"https:\/\/nezir.law\/tr\/musteri-panleli\/\" \/>\n<meta property=\"og:locale\" content=\"tr_TR\" \/>\n<meta property=\"og:type\" content=\"article\" \/>\n<meta property=\"og:title\" content=\"M\u00fcvekkil Paneli - Nezir Avukatl\u0131k &amp; Dan\u0131\u015fmanl\u0131k\" \/>\n<meta property=\"og:description\" content=\"Korunan Alan     Bu i\u00e7erik \u015fifre korumal\u0131d\u0131r. \u0130\u00e7eri\u011fin kilidini a\u00e7mak i\u00e7in l\u00fctfen bir \u015fifre ile do\u011frulay\u0131n.                  Enter your password                    Kilidi a\u00e7\" \/>\n<meta property=\"og:url\" content=\"https:\/\/nezir.law\/tr\/musteri-panleli\/\" \/>\n<meta property=\"og:site_name\" content=\"Nezir Avukatl\u0131k &amp; Dan\u0131\u015fmanl\u0131k\" \/>\n<meta property=\"article:modified_time\" content=\"2025-04-01T09:17:02+00:00\" \/>\n<meta name=\"twitter:card\" content=\"summary_large_image\" \/>\n<script type=\"application\/ld+json\" class=\"yoast-schema-graph\">{\"@context\":\"https:\/\/schema.org\",\"@graph\":[{\"@type\":\"WebPage\",\"@id\":\"https:\/\/nezir.law\/tr\/musteri-panleli\/\",\"url\":\"https:\/\/nezir.law\/tr\/musteri-panleli\/\",\"name\":\"M\u00fcvekkil Paneli - Nezir Avukatl\u0131k &amp; Dan\u0131\u015fmanl\u0131k\",\"isPartOf\":{\"@id\":\"https:\/\/nezir.law\/tr\/#website\"},\"datePublished\":\"2025-02-18T11:49:55+00:00\",\"dateModified\":\"2025-04-01T09:17:02+00:00\",\"breadcrumb\":{\"@id\":\"https:\/\/nezir.law\/tr\/musteri-panleli\/#breadcrumb\"},\"inLanguage\":\"tr\",\"potentialAction\":[{\"@type\":\"ReadAction\",\"target\":[\"https:\/\/nezir.law\/tr\/musteri-panleli\/\"]}]},{\"@type\":\"BreadcrumbList\",\"@id\":\"https:\/\/nezir.law\/tr\/musteri-panleli\/#breadcrumb\",\"itemListElement\":[{\"@type\":\"ListItem\",\"position\":1,\"name\":\"Anasayfa\",\"item\":\"https:\/\/nezir.law\/tr\/\"},{\"@type\":\"ListItem\",\"position\":2,\"name\":\"M\u00fc\u015fteri Paneli\"}]},{\"@type\":\"WebSite\",\"@id\":\"https:\/\/nezir.law\/tr\/#website\",\"url\":\"https:\/\/nezir.law\/tr\/\",\"name\":\"Nezir Avukatl\u0131k & Dan\u0131\u015fmanl\u0131k\",\"description\":\"\",\"potentialAction\":[{\"@type\":\"SearchAction\",\"target\":{\"@type\":\"EntryPoint\",\"urlTemplate\":\"https:\/\/nezir.law\/tr\/?s={search_term_string}\"},\"query-input\":{\"@type\":\"PropertyValueSpecification\",\"valueRequired\":true,\"valueName\":\"search_term_string\"}}],\"inLanguage\":\"tr\"}]}<\/script>\n<!-- \/ Yoast SEO plugin. -->","yoast_head_json":{"title":"M\u00fcvekkil Paneli - Nezir Avukatl\u0131k &amp; Dan\u0131\u015fmanl\u0131k","robots":{"index":"index","follow":"follow","max-snippet":"max-snippet:-1","max-image-preview":"max-image-preview:large","max-video-preview":"max-video-preview:-1"},"canonical":"https:\/\/nezir.law\/tr\/musteri-panleli\/","og_locale":"tr_TR","og_type":"article","og_title":"M\u00fcvekkil Paneli - Nezir Avukatl\u0131k &amp; Dan\u0131\u015fmanl\u0131k","og_description":"Korunan Alan     Bu i\u00e7erik \u015fifre korumal\u0131d\u0131r. \u0130\u00e7eri\u011fin kilidini a\u00e7mak i\u00e7in l\u00fctfen bir \u015fifre ile do\u011frulay\u0131n.                  Enter your password                    Kilidi a\u00e7","og_url":"https:\/\/nezir.law\/tr\/musteri-panleli\/","og_site_name":"Nezir Avukatl\u0131k &amp; Dan\u0131\u015fmanl\u0131k","article_modified_time":"2025-04-01T09:17:02+00:00","twitter_card":"summary_large_image","schema":{"@context":"https:\/\/schema.org","@graph":[{"@type":"WebPage","@id":"https:\/\/nezir.law\/tr\/musteri-panleli\/","url":"https:\/\/nezir.law\/tr\/musteri-panleli\/","name":"M\u00fcvekkil Paneli - Nezir Avukatl\u0131k &amp; Dan\u0131\u015fmanl\u0131k","isPartOf":{"@id":"https:\/\/nezir.law\/tr\/#website"},"datePublished":"2025-02-18T11:49:55+00:00","dateModified":"2025-04-01T09:17:02+00:00","breadcrumb":{"@id":"https:\/\/nezir.law\/tr\/musteri-panleli\/#breadcrumb"},"inLanguage":"tr","potentialAction":[{"@type":"ReadAction","target":["https:\/\/nezir.law\/tr\/musteri-panleli\/"]}]},{"@type":"BreadcrumbList","@id":"https:\/\/nezir.law\/tr\/musteri-panleli\/#breadcrumb","itemListElement":[{"@type":"ListItem","position":1,"name":"Anasayfa","item":"https:\/\/nezir.law\/tr\/"},{"@type":"ListItem","position":2,"name":"M\u00fc\u015fteri Paneli"}]},{"@type":"WebSite","@id":"https:\/\/nezir.law\/tr\/#website","url":"https:\/\/nezir.law\/tr\/","name":"Nezir Avukatl\u0131k & Dan\u0131\u015fmanl\u0131k","description":"","potentialAction":[{"@type":"SearchAction","target":{"@type":"EntryPoint","urlTemplate":"https:\/\/nezir.law\/tr\/?s={search_term_string}"},"query-input":{"@type":"PropertyValueSpecification","valueRequired":true,"valueName":"search_term_string"}}],"inLanguage":"tr"}]}},"_links":{"self":[{"href":"https:\/\/nezir.law\/tr\/wp-json\/wp\/v2\/pages\/2598","targetHints":{"allow":["GET"]}}],"collection":[{"href":"https:\/\/nezir.law\/tr\/wp-json\/wp\/v2\/pages"}],"about":[{"href":"https:\/\/nezir.law\/tr\/wp-json\/wp\/v2\/types\/page"}],"author":[{"embeddable":true,"href":"https:\/\/nezir.law\/tr\/wp-json\/wp\/v2\/users\/1"}],"replies":[{"embeddable":true,"href":"https:\/\/nezir.law\/tr\/wp-json\/wp\/v2\/comments?post=2598"}],"version-history":[{"count":3,"href":"https:\/\/nezir.law\/tr\/wp-json\/wp\/v2\/pages\/2598\/revisions"}],"predecessor-version":[{"id":2870,"href":"https:\/\/nezir.law\/tr\/wp-json\/wp\/v2\/pages\/2598\/revisions\/2870"}],"wp:attachment":[{"href":"https:\/\/nezir.law\/tr\/wp-json\/wp\/v2\/media?parent=2598"}],"curies":[{"name":"wp","href":"https:\/\/api.w.org\/{rel}","templated":true}]}}