{"id":1979,"date":"2024-12-13T20:18:41","date_gmt":"2024-12-13T17:18:41","guid":{"rendered":"https:\/\/nezir.law\/tr\/?page_id=1979"},"modified":"2025-02-28T17:22:02","modified_gmt":"2025-02-28T14:22:02","slug":"avukat-is-basvurusu","status":"publish","type":"page","link":"https:\/\/nezir.law\/tr\/avukat-is-basvurusu\/","title":{"rendered":"Avukat i\u015f ba\u015fvurusu"},"content":{"rendered":"\t\t<div data-elementor-type=\"wp-page\" data-elementor-id=\"1979\" class=\"elementor elementor-1979\">\n\t\t\t\t<div class=\"elementor-element elementor-element-96fafb6 e-con-full e-flex wpr-particle-no wpr-jarallax-no wpr-parallax-no wpr-sticky-section-no e-con e-parent\" data-id=\"96fafb6\" data-element_type=\"container\" data-settings=\"{&quot;background_background&quot;:&quot;classic&quot;}\">\n\t\t\t\t<div class=\"elementor-element elementor-element-88c7013 elementor-widget elementor-widget-spacer\" data-id=\"88c7013\" data-element_type=\"widget\" data-widget_type=\"spacer.default\">\n\t\t\t\t<div class=\"elementor-widget-container\">\n\t\t\t\t\t\t\t<div class=\"elementor-spacer\">\n\t\t\t<div class=\"elementor-spacer-inner\"><\/div>\n\t\t<\/div>\n\t\t\t\t\t\t<\/div>\n\t\t\t\t<\/div>\n\t\t\t\t<div class=\"elementor-element elementor-element-bd3fbf4 elementor-widget elementor-widget-heading\" data-id=\"bd3fbf4\" data-element_type=\"widget\" data-widget_type=\"heading.default\">\n\t\t\t\t<div class=\"elementor-widget-container\">\n\t\t\t\t\t<h1 class=\"elementor-heading-title elementor-size-default\">Avukat i\u015f ba\u015fvurusu<\/h1>\t\t\t\t<\/div>\n\t\t\t\t<\/div>\n\t\t\t\t<div class=\"elementor-element elementor-element-5f5cced elementor-hidden-mobile elementor-widget elementor-widget-spacer\" data-id=\"5f5cced\" data-element_type=\"widget\" data-widget_type=\"spacer.default\">\n\t\t\t\t<div class=\"elementor-widget-container\">\n\t\t\t\t\t\t\t<div class=\"elementor-spacer\">\n\t\t\t<div class=\"elementor-spacer-inner\"><\/div>\n\t\t<\/div>\n\t\t\t\t\t\t<\/div>\n\t\t\t\t<\/div>\n\t\t\t\t<\/div>\n\t\t<div class=\"elementor-element elementor-element-874f773 e-con-full e-flex wpr-particle-no wpr-jarallax-no wpr-parallax-no wpr-sticky-section-no e-con e-parent\" data-id=\"874f773\" data-element_type=\"container\" data-settings=\"{&quot;background_background&quot;:&quot;classic&quot;}\">\n\t\t\t\t<div class=\"elementor-element elementor-element-f788109 elementor-widget elementor-widget-text-editor\" data-id=\"f788109\" data-element_type=\"widget\" data-widget_type=\"text-editor.default\">\n\t\t\t\t<div class=\"elementor-widget-container\">\n\t\t\t\t\t\t\t\t\t<p class=\"p1\">De\u011ferli avukat meslekta\u015f\u0131m\u0131z, yapaca\u011f\u0131n\u0131z ba\u015fvuru bizler i\u00e7in \u00e7ok de\u011ferlidir. Sizi tan\u0131yabilmemiz ve ba\u015fvurunuzu de\u011ferlendirebilmemiz ad\u0131na l\u00fctfen a\u015fa\u011f\u0131daki forma bilgilerinizi giriniz.<\/p>\t\t\t\t\t\t\t\t<\/div>\n\t\t\t\t<\/div>\n\t\t\t\t<\/div>\n\t\t<div class=\"elementor-element elementor-element-54a7bac e-flex e-con-boxed wpr-particle-no wpr-jarallax-no wpr-parallax-no wpr-sticky-section-no e-con e-parent\" data-id=\"54a7bac\" data-element_type=\"container\">\n\t\t\t\t\t<div class=\"e-con-inner\">\n\t\t\t\t<div class=\"elementor-element elementor-element-4e5abe5 elementor-widget elementor-widget-heading\" data-id=\"4e5abe5\" data-element_type=\"widget\" data-widget_type=\"heading.default\">\n\t\t\t\t<div class=\"elementor-widget-container\">\n\t\t\t\t\t<h2 class=\"elementor-heading-title elementor-size-default\">Ba\u015fvuru Formu<\/h2>\t\t\t\t<\/div>\n\t\t\t\t<\/div>\n\t\t\t\t<div class=\"elementor-element elementor-element-9a99f10 eael-contact-form-7-button-align-center eael-contact-form-7-button-custom elementor-widget elementor-widget-eael-contact-form-7\" data-id=\"9a99f10\" data-element_type=\"widget\" data-widget_type=\"eael-contact-form-7.default\">\n\t\t\t\t<div class=\"elementor-widget-container\">\n\t\t\t\t\t<div class=\"eael-contact-form-7-wrapper\">\n                <div class=\"eael-contact-form eael-contact-form-7 eael-contact-form-9a99f10 placeholder-show eael-contact-form-align-default\">\n<div class=\"wpcf7 no-js\" id=\"wpcf7-f1975-o1\" lang=\"tr-TR\" dir=\"ltr\" data-wpcf7-id=\"1975\">\n<div class=\"screen-reader-response\"><p role=\"status\" aria-live=\"polite\" aria-atomic=\"true\"><\/p> <ul><\/ul><\/div>\n<form action=\"\/tr\/wp-json\/wp\/v2\/pages\/1979#wpcf7-f1975-o1\" method=\"post\" class=\"wpcf7-form init\" aria-label=\"\u0130leti\u015fim Formu\" enctype=\"multipart\/form-data\" novalidate=\"novalidate\" data-status=\"init\">\n<fieldset class=\"hidden-fields-container\"><input type=\"hidden\" name=\"_wpcf7\" value=\"1975\" \/><input type=\"hidden\" name=\"_wpcf7_version\" value=\"6.1.2\" \/><input type=\"hidden\" name=\"_wpcf7_locale\" value=\"tr_TR\" \/><input type=\"hidden\" name=\"_wpcf7_unit_tag\" value=\"wpcf7-f1975-o1\" \/><input type=\"hidden\" name=\"_wpcf7_container_post\" value=\"0\" \/><input type=\"hidden\" name=\"_wpcf7_posted_data_hash\" value=\"\" \/>\n<\/fieldset>\n<p><span class=\"wpcf7-form-control-wrap\" data-name=\"first-name\"><input size=\"40\" maxlength=\"400\" class=\"wpcf7-form-control wpcf7-text wpcf7-validates-as-required\" aria-required=\"true\" aria-invalid=\"false\" placeholder=\"Ad\u0131n\u0131z\" value=\"\" type=\"text\" name=\"first-name\" \/><\/span>\n<\/p>\n<p><span class=\"wpcf7-form-control-wrap\" data-name=\"last-name\"><input size=\"40\" maxlength=\"400\" class=\"wpcf7-form-control wpcf7-text wpcf7-validates-as-required\" aria-required=\"true\" aria-invalid=\"false\" placeholder=\"Soyad\u0131n\u0131z\" value=\"\" type=\"text\" name=\"last-name\" \/><\/span>\n<\/p>\n<p><span class=\"wpcf7-form-control-wrap\" data-name=\"email\"><input size=\"40\" maxlength=\"400\" class=\"wpcf7-form-control wpcf7-email wpcf7-validates-as-required wpcf7-text wpcf7-validates-as-email\" aria-required=\"true\" aria-invalid=\"false\" placeholder=\"E-Posta Adresiniz\" value=\"\" type=\"email\" name=\"email\" \/><\/span>\n<\/p>\n<p><span class=\"wpcf7-form-control-wrap\" data-name=\"resume\"><input size=\"40\" class=\"wpcf7-form-control wpcf7-file wpcf7-validates-as-required\" accept=\".pdf\" aria-required=\"true\" aria-invalid=\"false\" type=\"file\" name=\"resume\" \/><\/span>\n<\/p>\n<p><span class=\"wpcf7-form-control-wrap\" data-name=\"salary-min\"><input class=\"wpcf7-form-control wpcf7-number wpcf7-validates-as-required wpcf7-validates-as-number\" aria-required=\"true\" aria-invalid=\"false\" placeholder=\"Minimum Beklenen Maa\u015f (\u20ba)\" value=\"\" type=\"number\" name=\"salary-min\" \/><\/span>\n<\/p>\n<p><span class=\"wpcf7-form-control-wrap\" data-name=\"salary-max\"><input class=\"wpcf7-form-control wpcf7-number wpcf7-validates-as-required wpcf7-validates-as-number\" aria-required=\"true\" aria-invalid=\"false\" placeholder=\"Maksimum Beklenen Maa\u015f (\u20ba)\" value=\"\" type=\"number\" name=\"salary-max\" \/><\/span>\n<\/p>\n<p><span class=\"wpcf7-form-control-wrap\" data-name=\"additional-message\"><textarea cols=\"40\" rows=\"10\" maxlength=\"2000\" class=\"wpcf7-form-control wpcf7-textarea\" aria-invalid=\"false\" placeholder=\"Eklemek \u0130stedi\u011finiz Notlar\" name=\"additional-message\"><\/textarea><\/span>\n<\/p>\n<p><input class=\"wpcf7-form-control wpcf7-submit has-spinner\" type=\"submit\" value=\"G\u00f6nder\" \/>\n<\/p><div class=\"wpcf7-response-output\" aria-hidden=\"true\"><\/div>\n<\/form>\n<\/div>\n<\/div>\n            <\/div>\t\t\t\t<\/div>\n\t\t\t\t<\/div>\n\t\t\t\t\t<\/div>\n\t\t\t\t<\/div>\n\t\t<div class=\"elementor-element elementor-element-bcf3463 e-flex e-con-boxed wpr-particle-no wpr-jarallax-no wpr-parallax-no wpr-sticky-section-no e-con e-parent\" data-id=\"bcf3463\" data-element_type=\"container\">\n\t\t\t\t\t<div class=\"e-con-inner\">\n\t\t<div class=\"elementor-element elementor-element-b5db2cd e-con-full e-flex wpr-particle-no wpr-jarallax-no wpr-parallax-no wpr-sticky-section-no e-con e-child\" data-id=\"b5db2cd\" data-element_type=\"container\" data-settings=\"{&quot;background_background&quot;:&quot;classic&quot;}\">\n\t\t\t\t<div class=\"elementor-element elementor-element-bf086f6 elementor-widget elementor-widget-text-editor\" data-id=\"bf086f6\" data-element_type=\"widget\" data-widget_type=\"text-editor.default\">\n\t\t\t\t<div class=\"elementor-widget-container\">\n\t\t\t\t\t\t\t\t\t<p class=\"p1\"><i>B\u00fcromuz, belirli bir tarih aral\u0131\u011f\u0131 ile s\u0131n\u0131rland\u0131rarak alm\u0131\u015f oldu\u011fu ba\u015fvurular\u0131 ilgili s\u00fcrenin bitimini bekleyerek bir arada de\u011ferlendirebilmektedir. Bizler i\u00e7in de\u011ferli olan ve \u00f6nem arz eden ba\u015fvurular\u0131n\u0131za, de\u011ferlendirmelerimizin ard\u0131ndan mutlaka d\u00f6n\u00fc\u015f sa\u011flanmaktad\u0131r. Bununla birlikte d\u00f6nemsel olarak b\u00fcromuz ba\u015fvuru al\u0131mlar\u0131n\u0131 durdurabilmektedir. Anlay\u0131\u015f\u0131n\u0131z i\u00e7in te\u015fekk\u00fcr ederiz.<\/i><\/p>\t\t\t\t\t\t\t\t<\/div>\n\t\t\t\t<\/div>\n\t\t\t\t<\/div>\n\t\t\t\t\t<\/div>\n\t\t\t\t<\/div>\n\t\t\t\t<\/div>\n\t\t","protected":false},"excerpt":{"rendered":"<p>Avukat i\u015f ba\u015fvurusu De\u011ferli avukat meslekta\u015f\u0131m\u0131z, yapaca\u011f\u0131n\u0131z ba\u015fvuru bizler i\u00e7in \u00e7ok de\u011ferlidir. Sizi tan\u0131yabilmemiz ve ba\u015fvurunuzu de\u011ferlendirebilmemiz ad\u0131na l\u00fctfen a\u015fa\u011f\u0131daki forma bilgilerinizi giriniz. Ba\u015fvuru Formu &#916; B\u00fcromuz, belirli bir tarih aral\u0131\u011f\u0131 ile s\u0131n\u0131rland\u0131rarak alm\u0131\u015f oldu\u011fu ba\u015fvurular\u0131 ilgili s\u00fcrenin bitimini bekleyerek bir arada de\u011ferlendirebilmektedir. Bizler i\u00e7in de\u011ferli olan ve \u00f6nem arz eden ba\u015fvurular\u0131n\u0131za, de\u011ferlendirmelerimizin ard\u0131ndan mutlaka d\u00f6n\u00fc\u015f sa\u011flanmaktad\u0131r. Bununla birlikte d\u00f6nemsel olarak b\u00fcromuz ba\u015fvuru al\u0131mlar\u0131n\u0131 durdurabilmektedir. Anlay\u0131\u015f\u0131n\u0131z i\u00e7in te\u015fekk\u00fcr ederiz.<\/p>\n","protected":false},"author":1,"featured_media":0,"parent":0,"menu_order":0,"comment_status":"closed","ping_status":"closed","template":"","meta":{"passster_activate_protection":false,"passster_protect_child_pages":"","passster_protection_type":"password","passster_password":"","passster_activate_overwrite_defaults":"","passster_headline":"","passster_instruction":"","passster_placeholder":"","passster_button":"","passster_id":"","passster_activate_misc_settings":"","passster_redirect_url":"","passster_hide":"no","passster_area_shortcode":"","footnotes":""},"class_list":["post-1979","page","type-page","status-publish","hentry"],"yoast_head":"<!-- This site is optimized with the Yoast SEO plugin v25.3 - https:\/\/yoast.com\/wordpress\/plugins\/seo\/ -->\n<title>Avukat i\u015f ba\u015fvurusu - Nezir Avukatl\u0131k &amp; Dan\u0131\u015fmanl\u0131k<\/title>\n<meta name=\"robots\" content=\"index, follow, max-snippet:-1, max-image-preview:large, max-video-preview:-1\" \/>\n<link rel=\"canonical\" href=\"https:\/\/nezir.law\/tr\/avukat-is-basvurusu\/\" \/>\n<meta property=\"og:locale\" content=\"tr_TR\" \/>\n<meta property=\"og:type\" content=\"article\" \/>\n<meta property=\"og:title\" content=\"Avukat i\u015f ba\u015fvurusu - Nezir Avukatl\u0131k &amp; Dan\u0131\u015fmanl\u0131k\" \/>\n<meta property=\"og:description\" content=\"Avukat i\u015f ba\u015fvurusu De\u011ferli avukat meslekta\u015f\u0131m\u0131z, yapaca\u011f\u0131n\u0131z ba\u015fvuru bizler i\u00e7in \u00e7ok de\u011ferlidir. Sizi tan\u0131yabilmemiz ve ba\u015fvurunuzu de\u011ferlendirebilmemiz ad\u0131na l\u00fctfen a\u015fa\u011f\u0131daki forma bilgilerinizi giriniz. Ba\u015fvuru Formu &#916; B\u00fcromuz, belirli bir tarih aral\u0131\u011f\u0131 ile s\u0131n\u0131rland\u0131rarak alm\u0131\u015f oldu\u011fu ba\u015fvurular\u0131 ilgili s\u00fcrenin bitimini bekleyerek bir arada de\u011ferlendirebilmektedir. Bizler i\u00e7in de\u011ferli olan ve \u00f6nem arz eden ba\u015fvurular\u0131n\u0131za, de\u011ferlendirmelerimizin ard\u0131ndan mutlaka d\u00f6n\u00fc\u015f sa\u011flanmaktad\u0131r. Bununla birlikte d\u00f6nemsel olarak b\u00fcromuz ba\u015fvuru al\u0131mlar\u0131n\u0131 durdurabilmektedir. Anlay\u0131\u015f\u0131n\u0131z i\u00e7in te\u015fekk\u00fcr ederiz.\" \/>\n<meta property=\"og:url\" content=\"https:\/\/nezir.law\/tr\/avukat-is-basvurusu\/\" \/>\n<meta property=\"og:site_name\" content=\"Nezir Avukatl\u0131k &amp; Dan\u0131\u015fmanl\u0131k\" \/>\n<meta property=\"article:modified_time\" content=\"2025-02-28T14:22:02+00:00\" \/>\n<meta name=\"twitter:card\" content=\"summary_large_image\" \/>\n<meta name=\"twitter:label1\" content=\"Tahmini okuma s\u00fcresi\" \/>\n\t<meta name=\"twitter:data1\" content=\"1 dakika\" \/>\n<script type=\"application\/ld+json\" class=\"yoast-schema-graph\">{\"@context\":\"https:\/\/schema.org\",\"@graph\":[{\"@type\":\"WebPage\",\"@id\":\"https:\/\/nezir.law\/tr\/avukat-is-basvurusu\/\",\"url\":\"https:\/\/nezir.law\/tr\/avukat-is-basvurusu\/\",\"name\":\"Avukat i\u015f ba\u015fvurusu - Nezir Avukatl\u0131k &amp; Dan\u0131\u015fmanl\u0131k\",\"isPartOf\":{\"@id\":\"https:\/\/nezir.law\/tr\/#website\"},\"datePublished\":\"2024-12-13T17:18:41+00:00\",\"dateModified\":\"2025-02-28T14:22:02+00:00\",\"breadcrumb\":{\"@id\":\"https:\/\/nezir.law\/tr\/avukat-is-basvurusu\/#breadcrumb\"},\"inLanguage\":\"tr\",\"potentialAction\":[{\"@type\":\"ReadAction\",\"target\":[\"https:\/\/nezir.law\/tr\/avukat-is-basvurusu\/\"]}]},{\"@type\":\"BreadcrumbList\",\"@id\":\"https:\/\/nezir.law\/tr\/avukat-is-basvurusu\/#breadcrumb\",\"itemListElement\":[{\"@type\":\"ListItem\",\"position\":1,\"name\":\"Anasayfa\",\"item\":\"https:\/\/nezir.law\/tr\/\"},{\"@type\":\"ListItem\",\"position\":2,\"name\":\"Avukat i\u015f ba\u015fvurusu\"}]},{\"@type\":\"WebSite\",\"@id\":\"https:\/\/nezir.law\/tr\/#website\",\"url\":\"https:\/\/nezir.law\/tr\/\",\"name\":\"Nezir Avukatl\u0131k & Dan\u0131\u015fmanl\u0131k\",\"description\":\"\",\"potentialAction\":[{\"@type\":\"SearchAction\",\"target\":{\"@type\":\"EntryPoint\",\"urlTemplate\":\"https:\/\/nezir.law\/tr\/?s={search_term_string}\"},\"query-input\":{\"@type\":\"PropertyValueSpecification\",\"valueRequired\":true,\"valueName\":\"search_term_string\"}}],\"inLanguage\":\"tr\"}]}<\/script>\n<!-- \/ Yoast SEO plugin. -->","yoast_head_json":{"title":"Avukat i\u015f ba\u015fvurusu - Nezir Avukatl\u0131k &amp; Dan\u0131\u015fmanl\u0131k","robots":{"index":"index","follow":"follow","max-snippet":"max-snippet:-1","max-image-preview":"max-image-preview:large","max-video-preview":"max-video-preview:-1"},"canonical":"https:\/\/nezir.law\/tr\/avukat-is-basvurusu\/","og_locale":"tr_TR","og_type":"article","og_title":"Avukat i\u015f ba\u015fvurusu - Nezir Avukatl\u0131k &amp; Dan\u0131\u015fmanl\u0131k","og_description":"Avukat i\u015f ba\u015fvurusu De\u011ferli avukat meslekta\u015f\u0131m\u0131z, yapaca\u011f\u0131n\u0131z ba\u015fvuru bizler i\u00e7in \u00e7ok de\u011ferlidir. Sizi tan\u0131yabilmemiz ve ba\u015fvurunuzu de\u011ferlendirebilmemiz ad\u0131na l\u00fctfen a\u015fa\u011f\u0131daki forma bilgilerinizi giriniz. Ba\u015fvuru Formu &#916; B\u00fcromuz, belirli bir tarih aral\u0131\u011f\u0131 ile s\u0131n\u0131rland\u0131rarak alm\u0131\u015f oldu\u011fu ba\u015fvurular\u0131 ilgili s\u00fcrenin bitimini bekleyerek bir arada de\u011ferlendirebilmektedir. Bizler i\u00e7in de\u011ferli olan ve \u00f6nem arz eden ba\u015fvurular\u0131n\u0131za, de\u011ferlendirmelerimizin ard\u0131ndan mutlaka d\u00f6n\u00fc\u015f sa\u011flanmaktad\u0131r. Bununla birlikte d\u00f6nemsel olarak b\u00fcromuz ba\u015fvuru al\u0131mlar\u0131n\u0131 durdurabilmektedir. Anlay\u0131\u015f\u0131n\u0131z i\u00e7in te\u015fekk\u00fcr ederiz.","og_url":"https:\/\/nezir.law\/tr\/avukat-is-basvurusu\/","og_site_name":"Nezir Avukatl\u0131k &amp; Dan\u0131\u015fmanl\u0131k","article_modified_time":"2025-02-28T14:22:02+00:00","twitter_card":"summary_large_image","twitter_misc":{"Tahmini okuma s\u00fcresi":"1 dakika"},"schema":{"@context":"https:\/\/schema.org","@graph":[{"@type":"WebPage","@id":"https:\/\/nezir.law\/tr\/avukat-is-basvurusu\/","url":"https:\/\/nezir.law\/tr\/avukat-is-basvurusu\/","name":"Avukat i\u015f ba\u015fvurusu - Nezir Avukatl\u0131k &amp; Dan\u0131\u015fmanl\u0131k","isPartOf":{"@id":"https:\/\/nezir.law\/tr\/#website"},"datePublished":"2024-12-13T17:18:41+00:00","dateModified":"2025-02-28T14:22:02+00:00","breadcrumb":{"@id":"https:\/\/nezir.law\/tr\/avukat-is-basvurusu\/#breadcrumb"},"inLanguage":"tr","potentialAction":[{"@type":"ReadAction","target":["https:\/\/nezir.law\/tr\/avukat-is-basvurusu\/"]}]},{"@type":"BreadcrumbList","@id":"https:\/\/nezir.law\/tr\/avukat-is-basvurusu\/#breadcrumb","itemListElement":[{"@type":"ListItem","position":1,"name":"Anasayfa","item":"https:\/\/nezir.law\/tr\/"},{"@type":"ListItem","position":2,"name":"Avukat i\u015f ba\u015fvurusu"}]},{"@type":"WebSite","@id":"https:\/\/nezir.law\/tr\/#website","url":"https:\/\/nezir.law\/tr\/","name":"Nezir Avukatl\u0131k & Dan\u0131\u015fmanl\u0131k","description":"","potentialAction":[{"@type":"SearchAction","target":{"@type":"EntryPoint","urlTemplate":"https:\/\/nezir.law\/tr\/?s={search_term_string}"},"query-input":{"@type":"PropertyValueSpecification","valueRequired":true,"valueName":"search_term_string"}}],"inLanguage":"tr"}]}},"_links":{"self":[{"href":"https:\/\/nezir.law\/tr\/wp-json\/wp\/v2\/pages\/1979","targetHints":{"allow":["GET"]}}],"collection":[{"href":"https:\/\/nezir.law\/tr\/wp-json\/wp\/v2\/pages"}],"about":[{"href":"https:\/\/nezir.law\/tr\/wp-json\/wp\/v2\/types\/page"}],"author":[{"embeddable":true,"href":"https:\/\/nezir.law\/tr\/wp-json\/wp\/v2\/users\/1"}],"replies":[{"embeddable":true,"href":"https:\/\/nezir.law\/tr\/wp-json\/wp\/v2\/comments?post=1979"}],"version-history":[{"count":16,"href":"https:\/\/nezir.law\/tr\/wp-json\/wp\/v2\/pages\/1979\/revisions"}],"predecessor-version":[{"id":2615,"href":"https:\/\/nezir.law\/tr\/wp-json\/wp\/v2\/pages\/1979\/revisions\/2615"}],"wp:attachment":[{"href":"https:\/\/nezir.law\/tr\/wp-json\/wp\/v2\/media?parent=1979"}],"curies":[{"name":"wp","href":"https:\/\/api.w.org\/{rel}","templated":true}]}}