{"id":1618,"date":"2024-12-11T13:11:20","date_gmt":"2024-12-11T10:11:20","guid":{"rendered":"https:\/\/nezir.law\/tr\/?page_id=1618"},"modified":"2024-12-12T11:15:16","modified_gmt":"2024-12-12T08:15:16","slug":"cerez-politikasi","status":"publish","type":"page","link":"https:\/\/nezir.law\/tr\/cerez-politikasi\/","title":{"rendered":"\u00c7erez Politikas\u0131"},"content":{"rendered":"\t\t<div data-elementor-type=\"wp-page\" data-elementor-id=\"1618\" class=\"elementor elementor-1618\">\n\t\t\t\t<div class=\"elementor-element elementor-element-1c296d4 e-con-full e-flex wpr-particle-no wpr-jarallax-no wpr-parallax-no wpr-sticky-section-no e-con e-parent\" data-id=\"1c296d4\" data-element_type=\"container\" data-settings=\"{&quot;background_background&quot;:&quot;classic&quot;}\">\n\t\t\t\t<div class=\"elementor-element elementor-element-8d1c8fe elementor-widget elementor-widget-spacer\" data-id=\"8d1c8fe\" data-element_type=\"widget\" data-widget_type=\"spacer.default\">\n\t\t\t\t<div class=\"elementor-widget-container\">\n\t\t\t\t\t\t\t<div class=\"elementor-spacer\">\n\t\t\t<div class=\"elementor-spacer-inner\"><\/div>\n\t\t<\/div>\n\t\t\t\t\t\t<\/div>\n\t\t\t\t<\/div>\n\t\t\t\t<div class=\"elementor-element elementor-element-47de45a elementor-widget elementor-widget-heading\" data-id=\"47de45a\" data-element_type=\"widget\" data-widget_type=\"heading.default\">\n\t\t\t\t<div class=\"elementor-widget-container\">\n\t\t\t\t\t<h1 class=\"elementor-heading-title elementor-size-default\">\u00c7erez Politikas\u0131<\/h1>\t\t\t\t<\/div>\n\t\t\t\t<\/div>\n\t\t\t\t<div class=\"elementor-element elementor-element-e0f8f85 elementor-hidden-mobile elementor-widget elementor-widget-spacer\" data-id=\"e0f8f85\" data-element_type=\"widget\" data-widget_type=\"spacer.default\">\n\t\t\t\t<div class=\"elementor-widget-container\">\n\t\t\t\t\t\t\t<div class=\"elementor-spacer\">\n\t\t\t<div class=\"elementor-spacer-inner\"><\/div>\n\t\t<\/div>\n\t\t\t\t\t\t<\/div>\n\t\t\t\t<\/div>\n\t\t\t\t<\/div>\n\t\t<div class=\"elementor-element elementor-element-eb4f985 e-flex e-con-boxed wpr-particle-no wpr-jarallax-no wpr-parallax-no wpr-sticky-section-no e-con e-parent\" data-id=\"eb4f985\" data-element_type=\"container\">\n\t\t\t\t\t<div class=\"e-con-inner\">\n\t\t\t\t<div class=\"elementor-element elementor-element-79d6782 elementor-widget elementor-widget-spacer\" data-id=\"79d6782\" data-element_type=\"widget\" data-widget_type=\"spacer.default\">\n\t\t\t\t<div class=\"elementor-widget-container\">\n\t\t\t\t\t\t\t<div class=\"elementor-spacer\">\n\t\t\t<div class=\"elementor-spacer-inner\"><\/div>\n\t\t<\/div>\n\t\t\t\t\t\t<\/div>\n\t\t\t\t<\/div>\n\t\t\t\t\t<\/div>\n\t\t\t\t<\/div>\n\t\t<div class=\"elementor-element elementor-element-5bd1dbc e-flex e-con-boxed wpr-particle-no wpr-jarallax-no wpr-parallax-no wpr-sticky-section-no e-con e-parent\" data-id=\"5bd1dbc\" data-element_type=\"container\">\n\t\t\t\t\t<div class=\"e-con-inner\">\n\t\t\t\t<div class=\"elementor-element elementor-element-ed213ee elementor-widget elementor-widget-text-editor\" data-id=\"ed213ee\" data-element_type=\"widget\" data-widget_type=\"text-editor.default\">\n\t\t\t\t<div class=\"elementor-widget-container\">\n\t\t\t\t\t\t\t\t\t<p class=\"p1\">\u00c7o\u011fu web sitesinde oldu\u011fu gibi, www.nezir.law \u2018da \u00e7erez ad\u0131 verilen sitemiz \u00fczerinden edindi\u011finiz birtak\u0131m bilgileri kullanmaktad\u0131r. Bu \u00c7erez Politikas\u0131, \u00e7erezleri kullan\u0131m\u0131m\u0131z ve sahip oldu\u011funuz se\u00e7enekler hakk\u0131nda size daha fazla bilgi verir.<\/p><p class=\"p1\">\u00c7erezler, bir web sitesini ziyaret etti\u011finizde cihaz\u0131n\u0131za indirilebilen k\u00fc\u00e7\u00fck miktarlarda bilgi i\u00e7eren metin dosyalar\u0131d\u0131r. \u00c7erezler, Sitemizin nas\u0131l kullan\u0131ld\u0131\u011f\u0131n\u0131 analiz etmemizi ve site performans\u0131n\u0131 izlememizi sa\u011flar, b\u00f6ylece en iyi kullan\u0131c\u0131 deneyimini sizlere sunabiliriz.<\/p><p class=\"p1\">Sitemizde sosyal medya sitelerine yap\u0131lan ba\u011flant\u0131larda veya sosyal medya\/e-posta payla\u015f\u0131m i\u015flevleri i\u00e7in hi\u00e7bir \u00e7erez kullan\u0131lmaz.<\/p><p class=\"p1\"><b>Google Analytics \u00c7erezleri<\/b><b><\/b><\/p><p class=\"p1\">Google Analytics hizmetleri, Avrupa\u2019da Google Ireland Limited taraf\u0131ndan ve ba\u015fka yerlerde Google LLC ve di\u011fer ba\u011fl\u0131 Google Kurulu\u015flar\u0131 taraf\u0131ndan sa\u011flanmaktad\u0131r. Google Analytics, sitemizin ziyaret\u00e7ileri hakk\u0131nda bilgi toplamak i\u00e7in \u00e7erezler kullan\u0131r (kullan\u0131c\u0131n\u0131n cihaz\u0131 \/ taray\u0131c\u0131s\u0131, IP adresi ve site i\u00e7i faaliyetleriyle ilgili veriler). Nezir, kullan\u0131c\u0131 etkile\u015fimlerini \u00f6l\u00e7er ve raporlarlar. Bu, sitelerimize gelen trafi\u011fin hacmi ve yap\u0131s\u0131n\u0131n ayr\u0131nt\u0131lar\u0131n\u0131 i\u00e7erir (\u00f6rne\u011fin, kullan\u0131c\u0131lar\u0131n ilk olarak hangi sayfalar\u0131 ziyaret etti\u011fi, en pop\u00fcler sayfalar, kullan\u0131c\u0131lar\u0131n sitede ne kadar s\u00fcre kald\u0131klar\u0131 ve kullan\u0131c\u0131lar\u0131n co\u011frafi b\u00f6lgesi). Google ayr\u0131ca bu raporlardan toplanan verileri kendi hizmetlerini iyile\u015ftirmek, kar\u015f\u0131la\u015ft\u0131rma amac\u0131yla ve teknik destek sa\u011flamak i\u00e7in kullanabilir.<\/p><p class=\"p1\">Google\u2019\u0131n ki\u015fisel bilgileri nas\u0131l kulland\u0131\u011f\u0131 hakk\u0131nda daha fazla bilgiyi burada bulabilirsiniz:\u00a0<span style=\"color: #993300;\"><a style=\"color: #993300;\" href=\"https:\/\/policies.google.com\/privacy\">https:\/\/policies.google.com\/privacy<\/a><\/span>.<\/p><p class=\"p1\"><b>Analytics Se\u00e7imleriniz<\/b><b><\/b><\/p><p class=\"p1\">Analytics \u00c7erezleri tercihinizi, sayfan\u0131n alt taraf\u0131nda bulunan \u201c\u00c7erez Ayarlar\u0131\u201d k\u0131sm\u0131na t\u0131klayarak istedi\u011finiz zaman de\u011fi\u015ftirebilirsiniz. \u0130lgili ayarlar \u201cKapal\u0131\u201d olarak ayarlan\u0131rsa, taray\u0131c\u0131n\u0131z mevcut t\u00fcm analiz \u00e7erezlerini siler ve sitede daha sonra gezinmeniz durumunda taray\u0131c\u0131n\u0131za herhangi bir analiz \u00e7erezi g\u00f6ndermez. Analytics \u00c7erezlerini kabul ederseniz ve \u201cA\u00e7\u0131k\u201d olarak ayarlarsan\u0131z, Analytics<\/p><p class=\"p1\">\u00c7erezleri, siz sitenin yeni bir alan\u0131na gidene veya bulundu\u011funuz sayfay\u0131 yenileyene kadar taray\u0131c\u0131n\u0131za g\u00f6nderilmeyecektir.<\/p><p class=\"p1\">T\u00fcm web sitelerinde Google Analytics taraf\u0131ndan izlenmekten\u00a0vazge\u00e7mek i\u00e7in<span style=\"color: #993300;\">\u00a0<a style=\"color: #993300;\" href=\"http:\/\/tools.google.com\/dlpage\/gaoptout\">http:\/\/tools.google.com\/dlpage\/gaoptout<\/a><\/span>\u00a0adresini ziyaret ediniz.<\/p><p class=\"p1\">Ayr\u0131ca, taray\u0131c\u0131n\u0131zdaki tercihler veya se\u00e7enekler men\u00fclerinde bunu belirterek cihaz\u0131n\u0131zdaki \u00e7erezleri istedi\u011finiz zaman engelleyebilir veya devre d\u0131\u015f\u0131 b\u0131rakabilirsiniz. An\u0131lan men\u00fc \u00fczerinden cihaz\u0131n\u0131zda depolanan \u00e7erezleri de silebilirsiniz. Ancak, \u00e7erez bilgilerini engellemek, devre d\u0131\u015f\u0131 b\u0131rakmak veya silmek, bir sitenin t\u00fcm sayfalar\u0131n\u0131 g\u00f6r\u00fcnt\u00fcleme veya kay\u0131t gerektiren \u00e7evrimi\u00e7i hizmetleri kullanma i\u015flevinizi s\u0131n\u0131rlayabilir. \u00c7erezler hakk\u0131nda daha fazla bilgiyi www.allaboutcookies.org ve www.youronlinechoices.com adreslerinde bulabilirsiniz.<\/p><p class=\"p1\">Bu \u00e7erez politikas\u0131 hakk\u0131nda herhangi bir sorunuz oldu\u011fu takdirde, l\u00fctfen <span style=\"color: #993300;\"><a style=\"color: #993300;\" href=\"mailto:info@nezir.law\">info@nezir.law<\/a><\/span> adresi ile ileti\u015fime ge\u00e7iniz.<\/p>\t\t\t\t\t\t\t\t<\/div>\n\t\t\t\t<\/div>\n\t\t\t\t\t<\/div>\n\t\t\t\t<\/div>\n\t\t\t\t<\/div>\n\t\t","protected":false},"excerpt":{"rendered":"<p>\u00c7erez Politikas\u0131 \u00c7o\u011fu web sitesinde oldu\u011fu gibi, www.nezir.law \u2018da \u00e7erez ad\u0131 verilen sitemiz \u00fczerinden edindi\u011finiz birtak\u0131m bilgileri kullanmaktad\u0131r. Bu \u00c7erez Politikas\u0131, \u00e7erezleri kullan\u0131m\u0131m\u0131z ve sahip oldu\u011funuz se\u00e7enekler hakk\u0131nda size daha fazla bilgi verir. \u00c7erezler, bir web sitesini ziyaret etti\u011finizde cihaz\u0131n\u0131za indirilebilen k\u00fc\u00e7\u00fck miktarlarda bilgi i\u00e7eren metin dosyalar\u0131d\u0131r. \u00c7erezler, Sitemizin nas\u0131l kullan\u0131ld\u0131\u011f\u0131n\u0131 analiz etmemizi ve site performans\u0131n\u0131 izlememizi sa\u011flar, b\u00f6ylece en iyi kullan\u0131c\u0131 deneyimini sizlere sunabiliriz. Sitemizde sosyal medya sitelerine yap\u0131lan ba\u011flant\u0131larda veya sosyal medya\/e-posta payla\u015f\u0131m i\u015flevleri i\u00e7in hi\u00e7bir \u00e7erez kullan\u0131lmaz. Google Analytics \u00c7erezleri Google Analytics hizmetleri, Avrupa\u2019da Google Ireland Limited taraf\u0131ndan ve ba\u015fka yerlerde Google LLC ve di\u011fer ba\u011fl\u0131 Google Kurulu\u015flar\u0131 taraf\u0131ndan sa\u011flanmaktad\u0131r. Google Analytics, sitemizin ziyaret\u00e7ileri hakk\u0131nda bilgi toplamak i\u00e7in \u00e7erezler kullan\u0131r (kullan\u0131c\u0131n\u0131n cihaz\u0131 \/ taray\u0131c\u0131s\u0131, IP adresi ve site i\u00e7i faaliyetleriyle ilgili veriler). Nezir, kullan\u0131c\u0131 etkile\u015fimlerini \u00f6l\u00e7er ve raporlarlar. Bu, sitelerimize gelen trafi\u011fin hacmi ve yap\u0131s\u0131n\u0131n ayr\u0131nt\u0131lar\u0131n\u0131 i\u00e7erir (\u00f6rne\u011fin, kullan\u0131c\u0131lar\u0131n ilk olarak hangi sayfalar\u0131 ziyaret etti\u011fi, en pop\u00fcler sayfalar, kullan\u0131c\u0131lar\u0131n sitede ne kadar s\u00fcre kald\u0131klar\u0131 ve kullan\u0131c\u0131lar\u0131n co\u011frafi b\u00f6lgesi). Google ayr\u0131ca bu raporlardan toplanan verileri kendi hizmetlerini iyile\u015ftirmek, kar\u015f\u0131la\u015ft\u0131rma amac\u0131yla ve teknik destek sa\u011flamak i\u00e7in kullanabilir. Google\u2019\u0131n ki\u015fisel bilgileri nas\u0131l kulland\u0131\u011f\u0131 hakk\u0131nda daha fazla bilgiyi burada bulabilirsiniz:\u00a0https:\/\/policies.google.com\/privacy. Analytics Se\u00e7imleriniz Analytics \u00c7erezleri tercihinizi, sayfan\u0131n alt taraf\u0131nda bulunan \u201c\u00c7erez Ayarlar\u0131\u201d k\u0131sm\u0131na t\u0131klayarak istedi\u011finiz zaman de\u011fi\u015ftirebilirsiniz. \u0130lgili ayarlar \u201cKapal\u0131\u201d olarak ayarlan\u0131rsa, taray\u0131c\u0131n\u0131z mevcut t\u00fcm analiz \u00e7erezlerini siler ve sitede daha sonra gezinmeniz durumunda taray\u0131c\u0131n\u0131za herhangi bir analiz \u00e7erezi g\u00f6ndermez. Analytics \u00c7erezlerini kabul ederseniz ve \u201cA\u00e7\u0131k\u201d olarak ayarlarsan\u0131z, Analytics \u00c7erezleri, siz sitenin yeni bir alan\u0131na gidene veya bulundu\u011funuz sayfay\u0131 yenileyene kadar taray\u0131c\u0131n\u0131za g\u00f6nderilmeyecektir. T\u00fcm web sitelerinde Google Analytics taraf\u0131ndan izlenmekten\u00a0vazge\u00e7mek i\u00e7in\u00a0http:\/\/tools.google.com\/dlpage\/gaoptout\u00a0adresini ziyaret ediniz. Ayr\u0131ca, taray\u0131c\u0131n\u0131zdaki tercihler veya se\u00e7enekler men\u00fclerinde bunu belirterek cihaz\u0131n\u0131zdaki \u00e7erezleri istedi\u011finiz zaman engelleyebilir veya devre d\u0131\u015f\u0131 b\u0131rakabilirsiniz. An\u0131lan men\u00fc \u00fczerinden cihaz\u0131n\u0131zda depolanan \u00e7erezleri de silebilirsiniz. Ancak, \u00e7erez bilgilerini engellemek, devre d\u0131\u015f\u0131 b\u0131rakmak veya silmek, bir sitenin t\u00fcm sayfalar\u0131n\u0131 g\u00f6r\u00fcnt\u00fcleme veya kay\u0131t gerektiren \u00e7evrimi\u00e7i hizmetleri kullanma i\u015flevinizi s\u0131n\u0131rlayabilir. \u00c7erezler hakk\u0131nda daha fazla bilgiyi www.allaboutcookies.org ve www.youronlinechoices.com adreslerinde bulabilirsiniz. Bu \u00e7erez politikas\u0131 hakk\u0131nda herhangi bir sorunuz oldu\u011fu takdirde, l\u00fctfen info@nezir.law adresi ile ileti\u015fime ge\u00e7iniz.<\/p>\n","protected":false},"author":1,"featured_media":0,"parent":0,"menu_order":0,"comment_status":"closed","ping_status":"closed","template":"","meta":{"passster_activate_protection":false,"passster_protect_child_pages":"","passster_protection_type":"password","passster_password":"","passster_activate_overwrite_defaults":"","passster_headline":"","passster_instruction":"","passster_placeholder":"","passster_button":"","passster_id":"","passster_activate_misc_settings":"","passster_redirect_url":"","passster_hide":"no","passster_area_shortcode":"","footnotes":""},"class_list":["post-1618","page","type-page","status-publish","hentry"],"yoast_head":"<!-- This site is optimized with the Yoast SEO plugin v25.3 - https:\/\/yoast.com\/wordpress\/plugins\/seo\/ -->\n<title>\u00c7erez Politikas\u0131 - Nezir Avukatl\u0131k &amp; Dan\u0131\u015fmanl\u0131k<\/title>\n<meta name=\"robots\" content=\"index, follow, max-snippet:-1, max-image-preview:large, max-video-preview:-1\" \/>\n<link rel=\"canonical\" href=\"https:\/\/nezir.law\/tr\/cerez-politikasi\/\" \/>\n<meta property=\"og:locale\" content=\"tr_TR\" \/>\n<meta property=\"og:type\" content=\"article\" \/>\n<meta property=\"og:title\" content=\"\u00c7erez Politikas\u0131 - Nezir Avukatl\u0131k &amp; Dan\u0131\u015fmanl\u0131k\" \/>\n<meta property=\"og:description\" content=\"\u00c7erez Politikas\u0131 \u00c7o\u011fu web sitesinde oldu\u011fu gibi, www.nezir.law \u2018da \u00e7erez ad\u0131 verilen sitemiz \u00fczerinden edindi\u011finiz birtak\u0131m bilgileri kullanmaktad\u0131r. Bu \u00c7erez Politikas\u0131, \u00e7erezleri kullan\u0131m\u0131m\u0131z ve sahip oldu\u011funuz se\u00e7enekler hakk\u0131nda size daha fazla bilgi verir. \u00c7erezler, bir web sitesini ziyaret etti\u011finizde cihaz\u0131n\u0131za indirilebilen k\u00fc\u00e7\u00fck miktarlarda bilgi i\u00e7eren metin dosyalar\u0131d\u0131r. \u00c7erezler, Sitemizin nas\u0131l kullan\u0131ld\u0131\u011f\u0131n\u0131 analiz etmemizi ve site performans\u0131n\u0131 izlememizi sa\u011flar, b\u00f6ylece en iyi kullan\u0131c\u0131 deneyimini sizlere sunabiliriz. Sitemizde sosyal medya sitelerine yap\u0131lan ba\u011flant\u0131larda veya sosyal medya\/e-posta payla\u015f\u0131m i\u015flevleri i\u00e7in hi\u00e7bir \u00e7erez kullan\u0131lmaz. Google Analytics \u00c7erezleri Google Analytics hizmetleri, Avrupa\u2019da Google Ireland Limited taraf\u0131ndan ve ba\u015fka yerlerde Google LLC ve di\u011fer ba\u011fl\u0131 Google Kurulu\u015flar\u0131 taraf\u0131ndan sa\u011flanmaktad\u0131r. Google Analytics, sitemizin ziyaret\u00e7ileri hakk\u0131nda bilgi toplamak i\u00e7in \u00e7erezler kullan\u0131r (kullan\u0131c\u0131n\u0131n cihaz\u0131 \/ taray\u0131c\u0131s\u0131, IP adresi ve site i\u00e7i faaliyetleriyle ilgili veriler). Nezir, kullan\u0131c\u0131 etkile\u015fimlerini \u00f6l\u00e7er ve raporlarlar. Bu, sitelerimize gelen trafi\u011fin hacmi ve yap\u0131s\u0131n\u0131n ayr\u0131nt\u0131lar\u0131n\u0131 i\u00e7erir (\u00f6rne\u011fin, kullan\u0131c\u0131lar\u0131n ilk olarak hangi sayfalar\u0131 ziyaret etti\u011fi, en pop\u00fcler sayfalar, kullan\u0131c\u0131lar\u0131n sitede ne kadar s\u00fcre kald\u0131klar\u0131 ve kullan\u0131c\u0131lar\u0131n co\u011frafi b\u00f6lgesi). Google ayr\u0131ca bu raporlardan toplanan verileri kendi hizmetlerini iyile\u015ftirmek, kar\u015f\u0131la\u015ft\u0131rma amac\u0131yla ve teknik destek sa\u011flamak i\u00e7in kullanabilir. Google\u2019\u0131n ki\u015fisel bilgileri nas\u0131l kulland\u0131\u011f\u0131 hakk\u0131nda daha fazla bilgiyi burada bulabilirsiniz:\u00a0https:\/\/policies.google.com\/privacy. Analytics Se\u00e7imleriniz Analytics \u00c7erezleri tercihinizi, sayfan\u0131n alt taraf\u0131nda bulunan \u201c\u00c7erez Ayarlar\u0131\u201d k\u0131sm\u0131na t\u0131klayarak istedi\u011finiz zaman de\u011fi\u015ftirebilirsiniz. \u0130lgili ayarlar \u201cKapal\u0131\u201d olarak ayarlan\u0131rsa, taray\u0131c\u0131n\u0131z mevcut t\u00fcm analiz \u00e7erezlerini siler ve sitede daha sonra gezinmeniz durumunda taray\u0131c\u0131n\u0131za herhangi bir analiz \u00e7erezi g\u00f6ndermez. Analytics \u00c7erezlerini kabul ederseniz ve \u201cA\u00e7\u0131k\u201d olarak ayarlarsan\u0131z, Analytics \u00c7erezleri, siz sitenin yeni bir alan\u0131na gidene veya bulundu\u011funuz sayfay\u0131 yenileyene kadar taray\u0131c\u0131n\u0131za g\u00f6nderilmeyecektir. T\u00fcm web sitelerinde Google Analytics taraf\u0131ndan izlenmekten\u00a0vazge\u00e7mek i\u00e7in\u00a0http:\/\/tools.google.com\/dlpage\/gaoptout\u00a0adresini ziyaret ediniz. Ayr\u0131ca, taray\u0131c\u0131n\u0131zdaki tercihler veya se\u00e7enekler men\u00fclerinde bunu belirterek cihaz\u0131n\u0131zdaki \u00e7erezleri istedi\u011finiz zaman engelleyebilir veya devre d\u0131\u015f\u0131 b\u0131rakabilirsiniz. An\u0131lan men\u00fc \u00fczerinden cihaz\u0131n\u0131zda depolanan \u00e7erezleri de silebilirsiniz. Ancak, \u00e7erez bilgilerini engellemek, devre d\u0131\u015f\u0131 b\u0131rakmak veya silmek, bir sitenin t\u00fcm sayfalar\u0131n\u0131 g\u00f6r\u00fcnt\u00fcleme veya kay\u0131t gerektiren \u00e7evrimi\u00e7i hizmetleri kullanma i\u015flevinizi s\u0131n\u0131rlayabilir. \u00c7erezler hakk\u0131nda daha fazla bilgiyi www.allaboutcookies.org ve www.youronlinechoices.com adreslerinde bulabilirsiniz. Bu \u00e7erez politikas\u0131 hakk\u0131nda herhangi bir sorunuz oldu\u011fu takdirde, l\u00fctfen info@nezir.law adresi ile ileti\u015fime ge\u00e7iniz.\" \/>\n<meta property=\"og:url\" content=\"https:\/\/nezir.law\/tr\/cerez-politikasi\/\" \/>\n<meta property=\"og:site_name\" content=\"Nezir Avukatl\u0131k &amp; Dan\u0131\u015fmanl\u0131k\" \/>\n<meta property=\"article:modified_time\" content=\"2024-12-12T08:15:16+00:00\" \/>\n<meta name=\"twitter:card\" content=\"summary_large_image\" \/>\n<meta name=\"twitter:label1\" content=\"Tahmini okuma s\u00fcresi\" \/>\n\t<meta name=\"twitter:data1\" content=\"3 dakika\" \/>\n<script type=\"application\/ld+json\" class=\"yoast-schema-graph\">{\"@context\":\"https:\/\/schema.org\",\"@graph\":[{\"@type\":\"WebPage\",\"@id\":\"https:\/\/nezir.law\/tr\/cerez-politikasi\/\",\"url\":\"https:\/\/nezir.law\/tr\/cerez-politikasi\/\",\"name\":\"\u00c7erez Politikas\u0131 - Nezir Avukatl\u0131k &amp; Dan\u0131\u015fmanl\u0131k\",\"isPartOf\":{\"@id\":\"https:\/\/nezir.law\/tr\/#website\"},\"datePublished\":\"2024-12-11T10:11:20+00:00\",\"dateModified\":\"2024-12-12T08:15:16+00:00\",\"breadcrumb\":{\"@id\":\"https:\/\/nezir.law\/tr\/cerez-politikasi\/#breadcrumb\"},\"inLanguage\":\"tr\",\"potentialAction\":[{\"@type\":\"ReadAction\",\"target\":[\"https:\/\/nezir.law\/tr\/cerez-politikasi\/\"]}]},{\"@type\":\"BreadcrumbList\",\"@id\":\"https:\/\/nezir.law\/tr\/cerez-politikasi\/#breadcrumb\",\"itemListElement\":[{\"@type\":\"ListItem\",\"position\":1,\"name\":\"Anasayfa\",\"item\":\"https:\/\/nezir.law\/tr\/\"},{\"@type\":\"ListItem\",\"position\":2,\"name\":\"\u00c7erez Politikas\u0131\"}]},{\"@type\":\"WebSite\",\"@id\":\"https:\/\/nezir.law\/tr\/#website\",\"url\":\"https:\/\/nezir.law\/tr\/\",\"name\":\"Nezir Avukatl\u0131k & Dan\u0131\u015fmanl\u0131k\",\"description\":\"\",\"potentialAction\":[{\"@type\":\"SearchAction\",\"target\":{\"@type\":\"EntryPoint\",\"urlTemplate\":\"https:\/\/nezir.law\/tr\/?s={search_term_string}\"},\"query-input\":{\"@type\":\"PropertyValueSpecification\",\"valueRequired\":true,\"valueName\":\"search_term_string\"}}],\"inLanguage\":\"tr\"}]}<\/script>\n<!-- \/ Yoast SEO plugin. -->","yoast_head_json":{"title":"\u00c7erez Politikas\u0131 - Nezir Avukatl\u0131k &amp; Dan\u0131\u015fmanl\u0131k","robots":{"index":"index","follow":"follow","max-snippet":"max-snippet:-1","max-image-preview":"max-image-preview:large","max-video-preview":"max-video-preview:-1"},"canonical":"https:\/\/nezir.law\/tr\/cerez-politikasi\/","og_locale":"tr_TR","og_type":"article","og_title":"\u00c7erez Politikas\u0131 - Nezir Avukatl\u0131k &amp; Dan\u0131\u015fmanl\u0131k","og_description":"\u00c7erez Politikas\u0131 \u00c7o\u011fu web sitesinde oldu\u011fu gibi, www.nezir.law \u2018da \u00e7erez ad\u0131 verilen sitemiz \u00fczerinden edindi\u011finiz birtak\u0131m bilgileri kullanmaktad\u0131r. Bu \u00c7erez Politikas\u0131, \u00e7erezleri kullan\u0131m\u0131m\u0131z ve sahip oldu\u011funuz se\u00e7enekler hakk\u0131nda size daha fazla bilgi verir. \u00c7erezler, bir web sitesini ziyaret etti\u011finizde cihaz\u0131n\u0131za indirilebilen k\u00fc\u00e7\u00fck miktarlarda bilgi i\u00e7eren metin dosyalar\u0131d\u0131r. \u00c7erezler, Sitemizin nas\u0131l kullan\u0131ld\u0131\u011f\u0131n\u0131 analiz etmemizi ve site performans\u0131n\u0131 izlememizi sa\u011flar, b\u00f6ylece en iyi kullan\u0131c\u0131 deneyimini sizlere sunabiliriz. Sitemizde sosyal medya sitelerine yap\u0131lan ba\u011flant\u0131larda veya sosyal medya\/e-posta payla\u015f\u0131m i\u015flevleri i\u00e7in hi\u00e7bir \u00e7erez kullan\u0131lmaz. Google Analytics \u00c7erezleri Google Analytics hizmetleri, Avrupa\u2019da Google Ireland Limited taraf\u0131ndan ve ba\u015fka yerlerde Google LLC ve di\u011fer ba\u011fl\u0131 Google Kurulu\u015flar\u0131 taraf\u0131ndan sa\u011flanmaktad\u0131r. Google Analytics, sitemizin ziyaret\u00e7ileri hakk\u0131nda bilgi toplamak i\u00e7in \u00e7erezler kullan\u0131r (kullan\u0131c\u0131n\u0131n cihaz\u0131 \/ taray\u0131c\u0131s\u0131, IP adresi ve site i\u00e7i faaliyetleriyle ilgili veriler). Nezir, kullan\u0131c\u0131 etkile\u015fimlerini \u00f6l\u00e7er ve raporlarlar. Bu, sitelerimize gelen trafi\u011fin hacmi ve yap\u0131s\u0131n\u0131n ayr\u0131nt\u0131lar\u0131n\u0131 i\u00e7erir (\u00f6rne\u011fin, kullan\u0131c\u0131lar\u0131n ilk olarak hangi sayfalar\u0131 ziyaret etti\u011fi, en pop\u00fcler sayfalar, kullan\u0131c\u0131lar\u0131n sitede ne kadar s\u00fcre kald\u0131klar\u0131 ve kullan\u0131c\u0131lar\u0131n co\u011frafi b\u00f6lgesi). Google ayr\u0131ca bu raporlardan toplanan verileri kendi hizmetlerini iyile\u015ftirmek, kar\u015f\u0131la\u015ft\u0131rma amac\u0131yla ve teknik destek sa\u011flamak i\u00e7in kullanabilir. Google\u2019\u0131n ki\u015fisel bilgileri nas\u0131l kulland\u0131\u011f\u0131 hakk\u0131nda daha fazla bilgiyi burada bulabilirsiniz:\u00a0https:\/\/policies.google.com\/privacy. Analytics Se\u00e7imleriniz Analytics \u00c7erezleri tercihinizi, sayfan\u0131n alt taraf\u0131nda bulunan \u201c\u00c7erez Ayarlar\u0131\u201d k\u0131sm\u0131na t\u0131klayarak istedi\u011finiz zaman de\u011fi\u015ftirebilirsiniz. \u0130lgili ayarlar \u201cKapal\u0131\u201d olarak ayarlan\u0131rsa, taray\u0131c\u0131n\u0131z mevcut t\u00fcm analiz \u00e7erezlerini siler ve sitede daha sonra gezinmeniz durumunda taray\u0131c\u0131n\u0131za herhangi bir analiz \u00e7erezi g\u00f6ndermez. Analytics \u00c7erezlerini kabul ederseniz ve \u201cA\u00e7\u0131k\u201d olarak ayarlarsan\u0131z, Analytics \u00c7erezleri, siz sitenin yeni bir alan\u0131na gidene veya bulundu\u011funuz sayfay\u0131 yenileyene kadar taray\u0131c\u0131n\u0131za g\u00f6nderilmeyecektir. T\u00fcm web sitelerinde Google Analytics taraf\u0131ndan izlenmekten\u00a0vazge\u00e7mek i\u00e7in\u00a0http:\/\/tools.google.com\/dlpage\/gaoptout\u00a0adresini ziyaret ediniz. Ayr\u0131ca, taray\u0131c\u0131n\u0131zdaki tercihler veya se\u00e7enekler men\u00fclerinde bunu belirterek cihaz\u0131n\u0131zdaki \u00e7erezleri istedi\u011finiz zaman engelleyebilir veya devre d\u0131\u015f\u0131 b\u0131rakabilirsiniz. An\u0131lan men\u00fc \u00fczerinden cihaz\u0131n\u0131zda depolanan \u00e7erezleri de silebilirsiniz. Ancak, \u00e7erez bilgilerini engellemek, devre d\u0131\u015f\u0131 b\u0131rakmak veya silmek, bir sitenin t\u00fcm sayfalar\u0131n\u0131 g\u00f6r\u00fcnt\u00fcleme veya kay\u0131t gerektiren \u00e7evrimi\u00e7i hizmetleri kullanma i\u015flevinizi s\u0131n\u0131rlayabilir. \u00c7erezler hakk\u0131nda daha fazla bilgiyi www.allaboutcookies.org ve www.youronlinechoices.com adreslerinde bulabilirsiniz. Bu \u00e7erez politikas\u0131 hakk\u0131nda herhangi bir sorunuz oldu\u011fu takdirde, l\u00fctfen info@nezir.law adresi ile ileti\u015fime ge\u00e7iniz.","og_url":"https:\/\/nezir.law\/tr\/cerez-politikasi\/","og_site_name":"Nezir Avukatl\u0131k &amp; Dan\u0131\u015fmanl\u0131k","article_modified_time":"2024-12-12T08:15:16+00:00","twitter_card":"summary_large_image","twitter_misc":{"Tahmini okuma s\u00fcresi":"3 dakika"},"schema":{"@context":"https:\/\/schema.org","@graph":[{"@type":"WebPage","@id":"https:\/\/nezir.law\/tr\/cerez-politikasi\/","url":"https:\/\/nezir.law\/tr\/cerez-politikasi\/","name":"\u00c7erez Politikas\u0131 - Nezir Avukatl\u0131k &amp; Dan\u0131\u015fmanl\u0131k","isPartOf":{"@id":"https:\/\/nezir.law\/tr\/#website"},"datePublished":"2024-12-11T10:11:20+00:00","dateModified":"2024-12-12T08:15:16+00:00","breadcrumb":{"@id":"https:\/\/nezir.law\/tr\/cerez-politikasi\/#breadcrumb"},"inLanguage":"tr","potentialAction":[{"@type":"ReadAction","target":["https:\/\/nezir.law\/tr\/cerez-politikasi\/"]}]},{"@type":"BreadcrumbList","@id":"https:\/\/nezir.law\/tr\/cerez-politikasi\/#breadcrumb","itemListElement":[{"@type":"ListItem","position":1,"name":"Anasayfa","item":"https:\/\/nezir.law\/tr\/"},{"@type":"ListItem","position":2,"name":"\u00c7erez Politikas\u0131"}]},{"@type":"WebSite","@id":"https:\/\/nezir.law\/tr\/#website","url":"https:\/\/nezir.law\/tr\/","name":"Nezir Avukatl\u0131k & Dan\u0131\u015fmanl\u0131k","description":"","potentialAction":[{"@type":"SearchAction","target":{"@type":"EntryPoint","urlTemplate":"https:\/\/nezir.law\/tr\/?s={search_term_string}"},"query-input":{"@type":"PropertyValueSpecification","valueRequired":true,"valueName":"search_term_string"}}],"inLanguage":"tr"}]}},"_links":{"self":[{"href":"https:\/\/nezir.law\/tr\/wp-json\/wp\/v2\/pages\/1618","targetHints":{"allow":["GET"]}}],"collection":[{"href":"https:\/\/nezir.law\/tr\/wp-json\/wp\/v2\/pages"}],"about":[{"href":"https:\/\/nezir.law\/tr\/wp-json\/wp\/v2\/types\/page"}],"author":[{"embeddable":true,"href":"https:\/\/nezir.law\/tr\/wp-json\/wp\/v2\/users\/1"}],"replies":[{"embeddable":true,"href":"https:\/\/nezir.law\/tr\/wp-json\/wp\/v2\/comments?post=1618"}],"version-history":[{"count":10,"href":"https:\/\/nezir.law\/tr\/wp-json\/wp\/v2\/pages\/1618\/revisions"}],"predecessor-version":[{"id":1654,"href":"https:\/\/nezir.law\/tr\/wp-json\/wp\/v2\/pages\/1618\/revisions\/1654"}],"wp:attachment":[{"href":"https:\/\/nezir.law\/tr\/wp-json\/wp\/v2\/media?parent=1618"}],"curies":[{"name":"wp","href":"https:\/\/api.w.org\/{rel}","templated":true}]}}