{"id":1613,"date":"2024-12-11T13:09:09","date_gmt":"2024-12-11T10:09:09","guid":{"rendered":"https:\/\/nezir.law\/tr\/?page_id=1613"},"modified":"2024-12-11T13:10:05","modified_gmt":"2024-12-11T10:10:05","slug":"ilkelerimiz","status":"publish","type":"page","link":"https:\/\/nezir.law\/tr\/ilkelerimiz\/","title":{"rendered":"\u0130lkelerimiz"},"content":{"rendered":"\t\t<div data-elementor-type=\"wp-page\" data-elementor-id=\"1613\" class=\"elementor elementor-1613\">\n\t\t\t\t<div class=\"elementor-element elementor-element-1c296d4 e-con-full e-flex wpr-particle-no wpr-jarallax-no wpr-parallax-no wpr-sticky-section-no e-con e-parent\" data-id=\"1c296d4\" data-element_type=\"container\" data-settings=\"{&quot;background_background&quot;:&quot;classic&quot;}\">\n\t\t\t\t<div class=\"elementor-element elementor-element-8d1c8fe elementor-widget elementor-widget-spacer\" data-id=\"8d1c8fe\" data-element_type=\"widget\" data-widget_type=\"spacer.default\">\n\t\t\t\t<div class=\"elementor-widget-container\">\n\t\t\t\t\t\t\t<div class=\"elementor-spacer\">\n\t\t\t<div class=\"elementor-spacer-inner\"><\/div>\n\t\t<\/div>\n\t\t\t\t\t\t<\/div>\n\t\t\t\t<\/div>\n\t\t\t\t<div class=\"elementor-element elementor-element-47de45a elementor-widget elementor-widget-heading\" data-id=\"47de45a\" data-element_type=\"widget\" data-widget_type=\"heading.default\">\n\t\t\t\t<div class=\"elementor-widget-container\">\n\t\t\t\t\t<h1 class=\"elementor-heading-title elementor-size-default\">\u0130lkelerimiz<\/h1>\t\t\t\t<\/div>\n\t\t\t\t<\/div>\n\t\t\t\t<div class=\"elementor-element elementor-element-e0f8f85 elementor-hidden-mobile elementor-widget elementor-widget-spacer\" data-id=\"e0f8f85\" data-element_type=\"widget\" data-widget_type=\"spacer.default\">\n\t\t\t\t<div class=\"elementor-widget-container\">\n\t\t\t\t\t\t\t<div class=\"elementor-spacer\">\n\t\t\t<div class=\"elementor-spacer-inner\"><\/div>\n\t\t<\/div>\n\t\t\t\t\t\t<\/div>\n\t\t\t\t<\/div>\n\t\t\t\t<\/div>\n\t\t<div class=\"elementor-element elementor-element-eb4f985 e-flex e-con-boxed wpr-particle-no wpr-jarallax-no wpr-parallax-no wpr-sticky-section-no e-con e-parent\" data-id=\"eb4f985\" data-element_type=\"container\">\n\t\t\t\t\t<div class=\"e-con-inner\">\n\t\t\t\t<div class=\"elementor-element elementor-element-79d6782 elementor-widget elementor-widget-spacer\" data-id=\"79d6782\" data-element_type=\"widget\" data-widget_type=\"spacer.default\">\n\t\t\t\t<div class=\"elementor-widget-container\">\n\t\t\t\t\t\t\t<div class=\"elementor-spacer\">\n\t\t\t<div class=\"elementor-spacer-inner\"><\/div>\n\t\t<\/div>\n\t\t\t\t\t\t<\/div>\n\t\t\t\t<\/div>\n\t\t\t\t\t<\/div>\n\t\t\t\t<\/div>\n\t\t<div class=\"elementor-element elementor-element-5bd1dbc e-flex e-con-boxed wpr-particle-no wpr-jarallax-no wpr-parallax-no wpr-sticky-section-no e-con e-parent\" data-id=\"5bd1dbc\" data-element_type=\"container\">\n\t\t\t\t\t<div class=\"e-con-inner\">\n\t\t\t\t<div class=\"elementor-element elementor-element-ed213ee elementor-widget elementor-widget-text-editor\" data-id=\"ed213ee\" data-element_type=\"widget\" data-widget_type=\"text-editor.default\">\n\t\t\t\t<div class=\"elementor-widget-container\">\n\t\t\t\t\t\t\t\t\t<p class=\"p1\"><b>1. Hukukun \u00dcst\u00fcnl\u00fc\u011f\u00fcne Ba\u011fl\u0131l\u0131k<\/b><br \/>Adaletin sa\u011flanmas\u0131 ve birey haklar\u0131n\u0131n korunmas\u0131 ad\u0131na hukukun \u00fcst\u00fcnl\u00fc\u011f\u00fcne ve evrensel adalet ilkelerine tam ba\u011fl\u0131l\u0131kla hizmet veriyoruz.<\/p><p class=\"p1\"><b>2. Etik ve Mesleki Sorumluluk<\/b><br \/>Avukatl\u0131k mesle\u011finin etik kurallar\u0131n\u0131 titizlikle uyguluyor, <b>International Bar Association (IBA)<\/b> gibi uluslararas\u0131 standartlara uygun olarak faaliyetlerimizi s\u00fcrd\u00fcr\u00fcyoruz.<\/p><p class=\"p1\"><b>3. \u015eeffafl\u0131k ve Hesap Verebilirlik<\/b><br \/>T\u00fcm i\u015f s\u00fcre\u00e7lerimizde \u015feffaf bir yakla\u015f\u0131m benimseyerek m\u00fcvekkillerimize hesap verebilirlik ilkesine dayal\u0131 g\u00fcvenilir bir hizmet sunuyoruz.<\/p><p class=\"p1\"><b>4. \u0130nsan Haklar\u0131n\u0131n Korunmas\u0131<\/b><br \/><b>United Nations Global Compact<\/b> ve benzeri uluslararas\u0131 platformlarda benimsenen temel insan haklar\u0131 ilkelerine ba\u011fl\u0131l\u0131\u011f\u0131m\u0131zla, toplumsal adalet ve e\u015fitli\u011fe katk\u0131da bulunmay\u0131 ama\u00e7l\u0131yoruz.<\/p><p class=\"p1\"><b>5. \u00c7evresel ve Sosyal Sorumluluk<\/b><br \/>\u00c7evre ve s\u00fcrd\u00fcr\u00fclebilir kalk\u0131nmay\u0131 desteklemek ad\u0131na, faaliyetlerimizde <b>Equator Principles<\/b> gibi uluslararas\u0131 normlara uyumlu hareket ediyoruz.<\/p><p class=\"p1\"><b>6. Ba\u011f\u0131ms\u0131zl\u0131k ve Tarafs\u0131zl\u0131k<\/b><br \/>Hukuki dan\u0131\u015fmanl\u0131k ve temsil s\u00fcre\u00e7lerinde ba\u011f\u0131ms\u0131zl\u0131k ve tarafs\u0131zl\u0131k ilkelerimizi koruyarak m\u00fcvekkillerimize en y\u00fcksek standartlarda hizmet sunmay\u0131 taahh\u00fct ediyoruz.<\/p><p class=\"p1\"><b>7. Topluma Katk\u0131 ve Sosyal Sorumluluk<\/b><br \/>Toplumsal fayday\u0131 esas al\u0131yor, faaliyetlerimizde sosyal sorumluluk bilinciyle hareket ederek adalete eri\u015fim, e\u015fitlik ve toplumsal dayan\u0131\u015fmaya katk\u0131da bulunmay\u0131 hedefliyoruz.<\/p><p class=\"p1\"><b>8. Yolsuzluk ve Ayr\u0131mc\u0131l\u0131k ile M\u00fccadele<\/b><br \/>\u015eeffafl\u0131k, d\u00fcr\u00fcstl\u00fck ve e\u015fitlik ilkeleri \u00e7er\u00e7evesinde, <b>Transparency International<\/b> gibi platformlar\u0131n de\u011ferlerini benimseyerek yolsuzluk ve ayr\u0131mc\u0131l\u0131k kar\u015f\u0131t\u0131 duru\u015fumuzu s\u00fcrd\u00fcr\u00fcyoruz.<\/p><p class=\"p1\">Bu ilkeler, yaln\u0131zca \u00e7al\u0131\u015fma anlay\u0131\u015f\u0131m\u0131z\u0131n temel ta\u015flar\u0131n\u0131 olu\u015fturmakla kalmaz, ayn\u0131 zamanda m\u00fcvekkillerimize olan sorumlulu\u011fumuzu ve k\u00fcresel etik normlara uyum taahh\u00fcd\u00fcm\u00fcz\u00fc de yans\u0131t\u0131r.<\/p>\t\t\t\t\t\t\t\t<\/div>\n\t\t\t\t<\/div>\n\t\t\t\t\t<\/div>\n\t\t\t\t<\/div>\n\t\t\t\t<\/div>\n\t\t","protected":false},"excerpt":{"rendered":"<p>\u0130lkelerimiz 1. Hukukun \u00dcst\u00fcnl\u00fc\u011f\u00fcne Ba\u011fl\u0131l\u0131kAdaletin sa\u011flanmas\u0131 ve birey haklar\u0131n\u0131n korunmas\u0131 ad\u0131na hukukun \u00fcst\u00fcnl\u00fc\u011f\u00fcne ve evrensel adalet ilkelerine tam ba\u011fl\u0131l\u0131kla hizmet veriyoruz. 2. Etik ve Mesleki SorumlulukAvukatl\u0131k mesle\u011finin etik kurallar\u0131n\u0131 titizlikle uyguluyor, International Bar Association (IBA) gibi uluslararas\u0131 standartlara uygun olarak faaliyetlerimizi s\u00fcrd\u00fcr\u00fcyoruz. 3. \u015eeffafl\u0131k ve Hesap VerebilirlikT\u00fcm i\u015f s\u00fcre\u00e7lerimizde \u015feffaf bir yakla\u015f\u0131m benimseyerek m\u00fcvekkillerimize hesap verebilirlik ilkesine dayal\u0131 g\u00fcvenilir bir hizmet sunuyoruz. 4. \u0130nsan Haklar\u0131n\u0131n Korunmas\u0131United Nations Global Compact ve benzeri uluslararas\u0131 platformlarda benimsenen temel insan haklar\u0131 ilkelerine ba\u011fl\u0131l\u0131\u011f\u0131m\u0131zla, toplumsal adalet ve e\u015fitli\u011fe katk\u0131da bulunmay\u0131 ama\u00e7l\u0131yoruz. 5. \u00c7evresel ve Sosyal Sorumluluk\u00c7evre ve s\u00fcrd\u00fcr\u00fclebilir kalk\u0131nmay\u0131 desteklemek ad\u0131na, faaliyetlerimizde Equator Principles gibi uluslararas\u0131 normlara uyumlu hareket ediyoruz. 6. Ba\u011f\u0131ms\u0131zl\u0131k ve Tarafs\u0131zl\u0131kHukuki dan\u0131\u015fmanl\u0131k ve temsil s\u00fcre\u00e7lerinde ba\u011f\u0131ms\u0131zl\u0131k ve tarafs\u0131zl\u0131k ilkelerimizi koruyarak m\u00fcvekkillerimize en y\u00fcksek standartlarda hizmet sunmay\u0131 taahh\u00fct ediyoruz. 7. Topluma Katk\u0131 ve Sosyal SorumlulukToplumsal fayday\u0131 esas al\u0131yor, faaliyetlerimizde sosyal sorumluluk bilinciyle hareket ederek adalete eri\u015fim, e\u015fitlik ve toplumsal dayan\u0131\u015fmaya katk\u0131da bulunmay\u0131 hedefliyoruz. 8. Yolsuzluk ve Ayr\u0131mc\u0131l\u0131k ile M\u00fccadele\u015eeffafl\u0131k, d\u00fcr\u00fcstl\u00fck ve e\u015fitlik ilkeleri \u00e7er\u00e7evesinde, Transparency International gibi platformlar\u0131n de\u011ferlerini benimseyerek yolsuzluk ve ayr\u0131mc\u0131l\u0131k kar\u015f\u0131t\u0131 duru\u015fumuzu s\u00fcrd\u00fcr\u00fcyoruz. Bu ilkeler, yaln\u0131zca \u00e7al\u0131\u015fma anlay\u0131\u015f\u0131m\u0131z\u0131n temel ta\u015flar\u0131n\u0131 olu\u015fturmakla kalmaz, ayn\u0131 zamanda m\u00fcvekkillerimize olan sorumlulu\u011fumuzu ve k\u00fcresel etik normlara uyum taahh\u00fcd\u00fcm\u00fcz\u00fc de yans\u0131t\u0131r.<\/p>\n","protected":false},"author":1,"featured_media":0,"parent":0,"menu_order":0,"comment_status":"closed","ping_status":"closed","template":"","meta":{"passster_activate_protection":false,"passster_protect_child_pages":"","passster_protection_type":"password","passster_password":"","passster_activate_overwrite_defaults":"","passster_headline":"","passster_instruction":"","passster_placeholder":"","passster_button":"","passster_id":"","passster_activate_misc_settings":"","passster_redirect_url":"","passster_hide":"no","passster_area_shortcode":"","footnotes":""},"class_list":["post-1613","page","type-page","status-publish","hentry"],"yoast_head":"<!-- This site is optimized with the Yoast SEO plugin v25.3 - https:\/\/yoast.com\/wordpress\/plugins\/seo\/ -->\n<title>\u0130lkelerimiz - Nezir Avukatl\u0131k &amp; Dan\u0131\u015fmanl\u0131k<\/title>\n<meta name=\"robots\" content=\"index, follow, max-snippet:-1, max-image-preview:large, max-video-preview:-1\" \/>\n<link rel=\"canonical\" href=\"https:\/\/nezir.law\/tr\/ilkelerimiz\/\" \/>\n<meta property=\"og:locale\" content=\"tr_TR\" \/>\n<meta property=\"og:type\" content=\"article\" \/>\n<meta property=\"og:title\" content=\"\u0130lkelerimiz - Nezir Avukatl\u0131k &amp; Dan\u0131\u015fmanl\u0131k\" \/>\n<meta property=\"og:description\" content=\"\u0130lkelerimiz 1. Hukukun \u00dcst\u00fcnl\u00fc\u011f\u00fcne Ba\u011fl\u0131l\u0131kAdaletin sa\u011flanmas\u0131 ve birey haklar\u0131n\u0131n korunmas\u0131 ad\u0131na hukukun \u00fcst\u00fcnl\u00fc\u011f\u00fcne ve evrensel adalet ilkelerine tam ba\u011fl\u0131l\u0131kla hizmet veriyoruz. 2. Etik ve Mesleki SorumlulukAvukatl\u0131k mesle\u011finin etik kurallar\u0131n\u0131 titizlikle uyguluyor, International Bar Association (IBA) gibi uluslararas\u0131 standartlara uygun olarak faaliyetlerimizi s\u00fcrd\u00fcr\u00fcyoruz. 3. \u015eeffafl\u0131k ve Hesap VerebilirlikT\u00fcm i\u015f s\u00fcre\u00e7lerimizde \u015feffaf bir yakla\u015f\u0131m benimseyerek m\u00fcvekkillerimize hesap verebilirlik ilkesine dayal\u0131 g\u00fcvenilir bir hizmet sunuyoruz. 4. \u0130nsan Haklar\u0131n\u0131n Korunmas\u0131United Nations Global Compact ve benzeri uluslararas\u0131 platformlarda benimsenen temel insan haklar\u0131 ilkelerine ba\u011fl\u0131l\u0131\u011f\u0131m\u0131zla, toplumsal adalet ve e\u015fitli\u011fe katk\u0131da bulunmay\u0131 ama\u00e7l\u0131yoruz. 5. \u00c7evresel ve Sosyal Sorumluluk\u00c7evre ve s\u00fcrd\u00fcr\u00fclebilir kalk\u0131nmay\u0131 desteklemek ad\u0131na, faaliyetlerimizde Equator Principles gibi uluslararas\u0131 normlara uyumlu hareket ediyoruz. 6. Ba\u011f\u0131ms\u0131zl\u0131k ve Tarafs\u0131zl\u0131kHukuki dan\u0131\u015fmanl\u0131k ve temsil s\u00fcre\u00e7lerinde ba\u011f\u0131ms\u0131zl\u0131k ve tarafs\u0131zl\u0131k ilkelerimizi koruyarak m\u00fcvekkillerimize en y\u00fcksek standartlarda hizmet sunmay\u0131 taahh\u00fct ediyoruz. 7. Topluma Katk\u0131 ve Sosyal SorumlulukToplumsal fayday\u0131 esas al\u0131yor, faaliyetlerimizde sosyal sorumluluk bilinciyle hareket ederek adalete eri\u015fim, e\u015fitlik ve toplumsal dayan\u0131\u015fmaya katk\u0131da bulunmay\u0131 hedefliyoruz. 8. Yolsuzluk ve Ayr\u0131mc\u0131l\u0131k ile M\u00fccadele\u015eeffafl\u0131k, d\u00fcr\u00fcstl\u00fck ve e\u015fitlik ilkeleri \u00e7er\u00e7evesinde, Transparency International gibi platformlar\u0131n de\u011ferlerini benimseyerek yolsuzluk ve ayr\u0131mc\u0131l\u0131k kar\u015f\u0131t\u0131 duru\u015fumuzu s\u00fcrd\u00fcr\u00fcyoruz. Bu ilkeler, yaln\u0131zca \u00e7al\u0131\u015fma anlay\u0131\u015f\u0131m\u0131z\u0131n temel ta\u015flar\u0131n\u0131 olu\u015fturmakla kalmaz, ayn\u0131 zamanda m\u00fcvekkillerimize olan sorumlulu\u011fumuzu ve k\u00fcresel etik normlara uyum taahh\u00fcd\u00fcm\u00fcz\u00fc de yans\u0131t\u0131r.\" \/>\n<meta property=\"og:url\" content=\"https:\/\/nezir.law\/tr\/ilkelerimiz\/\" \/>\n<meta property=\"og:site_name\" content=\"Nezir Avukatl\u0131k &amp; Dan\u0131\u015fmanl\u0131k\" \/>\n<meta property=\"article:modified_time\" content=\"2024-12-11T10:10:05+00:00\" \/>\n<meta name=\"twitter:card\" content=\"summary_large_image\" \/>\n<meta name=\"twitter:label1\" content=\"Tahmini okuma s\u00fcresi\" \/>\n\t<meta name=\"twitter:data1\" content=\"2 dakika\" \/>\n<script type=\"application\/ld+json\" class=\"yoast-schema-graph\">{\"@context\":\"https:\/\/schema.org\",\"@graph\":[{\"@type\":\"WebPage\",\"@id\":\"https:\/\/nezir.law\/tr\/ilkelerimiz\/\",\"url\":\"https:\/\/nezir.law\/tr\/ilkelerimiz\/\",\"name\":\"\u0130lkelerimiz - Nezir Avukatl\u0131k &amp; Dan\u0131\u015fmanl\u0131k\",\"isPartOf\":{\"@id\":\"https:\/\/nezir.law\/tr\/#website\"},\"datePublished\":\"2024-12-11T10:09:09+00:00\",\"dateModified\":\"2024-12-11T10:10:05+00:00\",\"breadcrumb\":{\"@id\":\"https:\/\/nezir.law\/tr\/ilkelerimiz\/#breadcrumb\"},\"inLanguage\":\"tr\",\"potentialAction\":[{\"@type\":\"ReadAction\",\"target\":[\"https:\/\/nezir.law\/tr\/ilkelerimiz\/\"]}]},{\"@type\":\"BreadcrumbList\",\"@id\":\"https:\/\/nezir.law\/tr\/ilkelerimiz\/#breadcrumb\",\"itemListElement\":[{\"@type\":\"ListItem\",\"position\":1,\"name\":\"Anasayfa\",\"item\":\"https:\/\/nezir.law\/tr\/\"},{\"@type\":\"ListItem\",\"position\":2,\"name\":\"\u0130lkelerimiz\"}]},{\"@type\":\"WebSite\",\"@id\":\"https:\/\/nezir.law\/tr\/#website\",\"url\":\"https:\/\/nezir.law\/tr\/\",\"name\":\"Nezir Avukatl\u0131k & Dan\u0131\u015fmanl\u0131k\",\"description\":\"\",\"potentialAction\":[{\"@type\":\"SearchAction\",\"target\":{\"@type\":\"EntryPoint\",\"urlTemplate\":\"https:\/\/nezir.law\/tr\/?s={search_term_string}\"},\"query-input\":{\"@type\":\"PropertyValueSpecification\",\"valueRequired\":true,\"valueName\":\"search_term_string\"}}],\"inLanguage\":\"tr\"}]}<\/script>\n<!-- \/ Yoast SEO plugin. -->","yoast_head_json":{"title":"\u0130lkelerimiz - Nezir Avukatl\u0131k &amp; Dan\u0131\u015fmanl\u0131k","robots":{"index":"index","follow":"follow","max-snippet":"max-snippet:-1","max-image-preview":"max-image-preview:large","max-video-preview":"max-video-preview:-1"},"canonical":"https:\/\/nezir.law\/tr\/ilkelerimiz\/","og_locale":"tr_TR","og_type":"article","og_title":"\u0130lkelerimiz - Nezir Avukatl\u0131k &amp; Dan\u0131\u015fmanl\u0131k","og_description":"\u0130lkelerimiz 1. Hukukun \u00dcst\u00fcnl\u00fc\u011f\u00fcne Ba\u011fl\u0131l\u0131kAdaletin sa\u011flanmas\u0131 ve birey haklar\u0131n\u0131n korunmas\u0131 ad\u0131na hukukun \u00fcst\u00fcnl\u00fc\u011f\u00fcne ve evrensel adalet ilkelerine tam ba\u011fl\u0131l\u0131kla hizmet veriyoruz. 2. Etik ve Mesleki SorumlulukAvukatl\u0131k mesle\u011finin etik kurallar\u0131n\u0131 titizlikle uyguluyor, International Bar Association (IBA) gibi uluslararas\u0131 standartlara uygun olarak faaliyetlerimizi s\u00fcrd\u00fcr\u00fcyoruz. 3. \u015eeffafl\u0131k ve Hesap VerebilirlikT\u00fcm i\u015f s\u00fcre\u00e7lerimizde \u015feffaf bir yakla\u015f\u0131m benimseyerek m\u00fcvekkillerimize hesap verebilirlik ilkesine dayal\u0131 g\u00fcvenilir bir hizmet sunuyoruz. 4. \u0130nsan Haklar\u0131n\u0131n Korunmas\u0131United Nations Global Compact ve benzeri uluslararas\u0131 platformlarda benimsenen temel insan haklar\u0131 ilkelerine ba\u011fl\u0131l\u0131\u011f\u0131m\u0131zla, toplumsal adalet ve e\u015fitli\u011fe katk\u0131da bulunmay\u0131 ama\u00e7l\u0131yoruz. 5. \u00c7evresel ve Sosyal Sorumluluk\u00c7evre ve s\u00fcrd\u00fcr\u00fclebilir kalk\u0131nmay\u0131 desteklemek ad\u0131na, faaliyetlerimizde Equator Principles gibi uluslararas\u0131 normlara uyumlu hareket ediyoruz. 6. Ba\u011f\u0131ms\u0131zl\u0131k ve Tarafs\u0131zl\u0131kHukuki dan\u0131\u015fmanl\u0131k ve temsil s\u00fcre\u00e7lerinde ba\u011f\u0131ms\u0131zl\u0131k ve tarafs\u0131zl\u0131k ilkelerimizi koruyarak m\u00fcvekkillerimize en y\u00fcksek standartlarda hizmet sunmay\u0131 taahh\u00fct ediyoruz. 7. Topluma Katk\u0131 ve Sosyal SorumlulukToplumsal fayday\u0131 esas al\u0131yor, faaliyetlerimizde sosyal sorumluluk bilinciyle hareket ederek adalete eri\u015fim, e\u015fitlik ve toplumsal dayan\u0131\u015fmaya katk\u0131da bulunmay\u0131 hedefliyoruz. 8. Yolsuzluk ve Ayr\u0131mc\u0131l\u0131k ile M\u00fccadele\u015eeffafl\u0131k, d\u00fcr\u00fcstl\u00fck ve e\u015fitlik ilkeleri \u00e7er\u00e7evesinde, Transparency International gibi platformlar\u0131n de\u011ferlerini benimseyerek yolsuzluk ve ayr\u0131mc\u0131l\u0131k kar\u015f\u0131t\u0131 duru\u015fumuzu s\u00fcrd\u00fcr\u00fcyoruz. Bu ilkeler, yaln\u0131zca \u00e7al\u0131\u015fma anlay\u0131\u015f\u0131m\u0131z\u0131n temel ta\u015flar\u0131n\u0131 olu\u015fturmakla kalmaz, ayn\u0131 zamanda m\u00fcvekkillerimize olan sorumlulu\u011fumuzu ve k\u00fcresel etik normlara uyum taahh\u00fcd\u00fcm\u00fcz\u00fc de yans\u0131t\u0131r.","og_url":"https:\/\/nezir.law\/tr\/ilkelerimiz\/","og_site_name":"Nezir Avukatl\u0131k &amp; Dan\u0131\u015fmanl\u0131k","article_modified_time":"2024-12-11T10:10:05+00:00","twitter_card":"summary_large_image","twitter_misc":{"Tahmini okuma s\u00fcresi":"2 dakika"},"schema":{"@context":"https:\/\/schema.org","@graph":[{"@type":"WebPage","@id":"https:\/\/nezir.law\/tr\/ilkelerimiz\/","url":"https:\/\/nezir.law\/tr\/ilkelerimiz\/","name":"\u0130lkelerimiz - Nezir Avukatl\u0131k &amp; Dan\u0131\u015fmanl\u0131k","isPartOf":{"@id":"https:\/\/nezir.law\/tr\/#website"},"datePublished":"2024-12-11T10:09:09+00:00","dateModified":"2024-12-11T10:10:05+00:00","breadcrumb":{"@id":"https:\/\/nezir.law\/tr\/ilkelerimiz\/#breadcrumb"},"inLanguage":"tr","potentialAction":[{"@type":"ReadAction","target":["https:\/\/nezir.law\/tr\/ilkelerimiz\/"]}]},{"@type":"BreadcrumbList","@id":"https:\/\/nezir.law\/tr\/ilkelerimiz\/#breadcrumb","itemListElement":[{"@type":"ListItem","position":1,"name":"Anasayfa","item":"https:\/\/nezir.law\/tr\/"},{"@type":"ListItem","position":2,"name":"\u0130lkelerimiz"}]},{"@type":"WebSite","@id":"https:\/\/nezir.law\/tr\/#website","url":"https:\/\/nezir.law\/tr\/","name":"Nezir Avukatl\u0131k & Dan\u0131\u015fmanl\u0131k","description":"","potentialAction":[{"@type":"SearchAction","target":{"@type":"EntryPoint","urlTemplate":"https:\/\/nezir.law\/tr\/?s={search_term_string}"},"query-input":{"@type":"PropertyValueSpecification","valueRequired":true,"valueName":"search_term_string"}}],"inLanguage":"tr"}]}},"_links":{"self":[{"href":"https:\/\/nezir.law\/tr\/wp-json\/wp\/v2\/pages\/1613","targetHints":{"allow":["GET"]}}],"collection":[{"href":"https:\/\/nezir.law\/tr\/wp-json\/wp\/v2\/pages"}],"about":[{"href":"https:\/\/nezir.law\/tr\/wp-json\/wp\/v2\/types\/page"}],"author":[{"embeddable":true,"href":"https:\/\/nezir.law\/tr\/wp-json\/wp\/v2\/users\/1"}],"replies":[{"embeddable":true,"href":"https:\/\/nezir.law\/tr\/wp-json\/wp\/v2\/comments?post=1613"}],"version-history":[{"count":4,"href":"https:\/\/nezir.law\/tr\/wp-json\/wp\/v2\/pages\/1613\/revisions"}],"predecessor-version":[{"id":1617,"href":"https:\/\/nezir.law\/tr\/wp-json\/wp\/v2\/pages\/1613\/revisions\/1617"}],"wp:attachment":[{"href":"https:\/\/nezir.law\/tr\/wp-json\/wp\/v2\/media?parent=1613"}],"curies":[{"name":"wp","href":"https:\/\/api.w.org\/{rel}","templated":true}]}}